{"id":147,"date":"2018-06-27T19:55:09","date_gmt":"2018-06-27T19:55:09","guid":{"rendered":"https:\/\/iana.com.uy\/cfatest\/\/?page_id=147"},"modified":"2024-05-17T21:58:06","modified_gmt":"2024-05-17T21:58:06","slug":"membresia","status":"publish","type":"page","link":"https:\/\/iana.com.uy\/cfatest\/membresia\/","title":{"rendered":"Membres\u00eda"},"content":{"rendered":"<div class=\"gb-container gb-container-664f88e0\">\n<div class=\"gb-container gb-container-1d531832\">\n\n<h1 class=\"gb-headline gb-headline-eb51c9a1 gb-headline-text fw-normal\">Membres\u00eda<\/h1>\n\n\n<div class=\"gb-grid-wrapper gb-grid-wrapper-76a46810 justify-content-between\">\n<div class=\"gb-grid-column gb-grid-column-04590cdd\"><div class=\"gb-container gb-container-04590cdd\">\n<div class=\"gb-container gb-container-16125751\">\n\n<p><strong>Convertirse en un Miembro Regular<\/strong><\/p>\n\n<\/div>\n\n\n<p>Un individuo debe ser aprobado para ser miembro regular del CFA Institute y deber\u00e1 cumplir con los dem\u00e1s requisitos impuestos por la Sociedad que sean consistentes con los requisitos establecidos por el CFA Institute. Recomendamos la Membres\u00eda Regular para aquellos que han completado y aprobado los tres (3) ex\u00e1menes del Programa CFA. El proceso de solicitud tiene tres fases y, por lo general, demora varias semanas en aprobarse.<\/p>\n\n\n\n<p>Por favor, revise la Pol\u00edtica de cumplimiento de OFAC. La ley proh\u00edbe a los residentes de ciertos pa\u00edses convertirse en miembros del CFA Institute o de la Society local.<\/p>\n\n\n\n<p>Esto es lo que necesitar\u00e1 para solicitar la Membres\u00eda Regular:<\/p>\n\n\n<div class=\"gb-container gb-container-e4739c5d\">\n\n<ul>\n<li>Licenciatura o educaci\u00f3n equivalente \/ experiencia laboral<\/li>\n\n\n\n<li>Calificaci\u00f3n aprobatoria para el Examen CFA de Nivel 3 o el Examen de Normas de Pr\u00e1ctica (auto-administrado)<\/li>\n\n\n\n<li>48 meses de experiencia laboral profesional en la toma de decisiones de inversi\u00f3n<\/li>\n\n\n\n<li>3 referencias profesionales<\/li>\n\n\n\n<li>Membres\u00eda de la Sociedad local de CFA. (La membres\u00eda de CFA Society es opcional, pero recomendada). \u00danase a nuestra CFA Society Uruguay.<\/li>\n<\/ul>\n\n<\/div>\n\n\n<span class=\"gb-button gb-button-f5d4febf gb-button-text\">M\u00e1s Informaci\u00f3n<\/span>\n\n<\/div><\/div>\n\n<div class=\"gb-grid-column gb-grid-column-ca6067fe\"><div class=\"gb-container gb-container-ca6067fe\">\n\n<figure class=\"wp-block-image alignright size-full\"><img loading=\"lazy\" decoding=\"async\" width=\"614\" height=\"609\" src=\"https:\/\/iana.com.uy\/cfatest\/wp-content\/uploads\/2024\/05\/circle-cfa.png\" alt=\"\" class=\"wp-image-2052\" srcset=\"https:\/\/iana.com.uy\/cfatest\/wp-content\/uploads\/2024\/05\/circle-cfa.png 614w, https:\/\/iana.com.uy\/cfatest\/wp-content\/uploads\/2024\/05\/circle-cfa-150x150.png 150w, https:\/\/iana.com.uy\/cfatest\/wp-content\/uploads\/2024\/05\/circle-cfa-151x150.png 151w\" sizes=\"(max-width: 614px) 100vw, 614px\" \/><\/figure>\n\n<\/div><\/div>\n<\/div>\n<\/div>\n<\/div>","protected":false},"excerpt":{"rendered":"<p>Membres\u00eda<\/p>\n","protected":false},"author":1,"featured_media":0,"parent":0,"menu_order":0,"comment_status":"closed","ping_status":"closed","template":"","meta":{"_acf_changed":false,"footnotes":""},"acf":[],"yoast_head":"<!-- This site is optimized with the Yoast SEO plugin v22.4 - https:\/\/yoast.com\/wordpress\/plugins\/seo\/ -->\n<title>Membres\u00eda - CFA Society Uruguay<\/title>\n<meta name=\"robots\" content=\"index, follow, max-snippet:-1, max-image-preview:large, max-video-preview:-1\" \/>\n<link rel=\"canonical\" href=\"https:\/\/iana.com.uy\/cfatest\/membresia\/\" \/>\n<meta property=\"og:locale\" content=\"es_ES\" \/>\n<meta property=\"og:type\" content=\"article\" \/>\n<meta property=\"og:title\" content=\"Membres\u00eda - CFA Society Uruguay\" \/>\n<meta property=\"og:description\" content=\"Membres\u00eda\" \/>\n<meta property=\"og:url\" content=\"https:\/\/iana.com.uy\/cfatest\/membresia\/\" \/>\n<meta property=\"og:site_name\" content=\"CFA Society Uruguay\" \/>\n<meta property=\"article:publisher\" content=\"https:\/\/www.facebook.com\/cfasocietyuruguay\" \/>\n<meta property=\"article:modified_time\" content=\"2024-05-17T21:58:06+00:00\" \/>\n<meta property=\"og:image\" content=\"https:\/\/iana.com.uy\/cfatest\/wp-content\/uploads\/2024\/05\/circle-cfa.png\" \/>\n<meta name=\"twitter:card\" content=\"summary_large_image\" \/>\n<meta name=\"twitter:site\" content=\"@CFA_URU\" \/>\n<meta name=\"twitter:label1\" content=\"Tiempo de lectura\" \/>\n\t<meta name=\"twitter:data1\" content=\"2 minutos\" \/>\n<script type=\"application\/ld+json\" class=\"yoast-schema-graph\">{\"@context\":\"https:\/\/schema.org\",\"@graph\":[{\"@type\":\"WebPage\",\"@id\":\"https:\/\/iana.com.uy\/cfatest\/membresia\/\",\"url\":\"https:\/\/iana.com.uy\/cfatest\/membresia\/\",\"name\":\"Membres\u00eda - CFA Society Uruguay\",\"isPartOf\":{\"@id\":\"https:\/\/iana.com.uy\/cfatest\/#website\"},\"primaryImageOfPage\":{\"@id\":\"https:\/\/iana.com.uy\/cfatest\/membresia\/#primaryimage\"},\"image\":{\"@id\":\"https:\/\/iana.com.uy\/cfatest\/membresia\/#primaryimage\"},\"thumbnailUrl\":\"https:\/\/iana.com.uy\/cfatest\/wp-content\/uploads\/2024\/05\/circle-cfa.png\",\"datePublished\":\"2018-06-27T19:55:09+00:00\",\"dateModified\":\"2024-05-17T21:58:06+00:00\",\"breadcrumb\":{\"@id\":\"https:\/\/iana.com.uy\/cfatest\/membresia\/#breadcrumb\"},\"inLanguage\":\"es\",\"potentialAction\":[{\"@type\":\"ReadAction\",\"target\":[\"https:\/\/iana.com.uy\/cfatest\/membresia\/\"]}]},{\"@type\":\"ImageObject\",\"inLanguage\":\"es\",\"@id\":\"https:\/\/iana.com.uy\/cfatest\/membresia\/#primaryimage\",\"url\":\"https:\/\/iana.com.uy\/cfatest\/wp-content\/uploads\/2024\/05\/circle-cfa.png\",\"contentUrl\":\"https:\/\/iana.com.uy\/cfatest\/wp-content\/uploads\/2024\/05\/circle-cfa.png\",\"width\":614,\"height\":609},{\"@type\":\"BreadcrumbList\",\"@id\":\"https:\/\/iana.com.uy\/cfatest\/membresia\/#breadcrumb\",\"itemListElement\":[{\"@type\":\"ListItem\",\"position\":1,\"name\":\"Portada\",\"item\":\"https:\/\/iana.com.uy\/cfatest\/es\/\"},{\"@type\":\"ListItem\",\"position\":2,\"name\":\"Membres\u00eda\"}]},{\"@type\":\"WebSite\",\"@id\":\"https:\/\/iana.com.uy\/cfatest\/#website\",\"url\":\"https:\/\/iana.com.uy\/cfatest\/\",\"name\":\"CFA Society Uruguay\",\"description\":\"CFA Society Uruguay\",\"publisher\":{\"@id\":\"https:\/\/iana.com.uy\/cfatest\/#organization\"},\"potentialAction\":[{\"@type\":\"SearchAction\",\"target\":{\"@type\":\"EntryPoint\",\"urlTemplate\":\"https:\/\/iana.com.uy\/cfatest\/?s={search_term_string}\"},\"query-input\":\"required name=search_term_string\"}],\"inLanguage\":\"es\"},{\"@type\":\"Organization\",\"@id\":\"https:\/\/iana.com.uy\/cfatest\/#organization\",\"name\":\"CFA Society\",\"url\":\"https:\/\/iana.com.uy\/cfatest\/\",\"logo\":{\"@type\":\"ImageObject\",\"inLanguage\":\"es\",\"@id\":\"https:\/\/iana.com.uy\/cfatest\/#\/schema\/logo\/image\/\",\"url\":\"http:\/\/localhost\/cfa\/wp-content\/uploads\/2019\/07\/logo.png\",\"contentUrl\":\"http:\/\/localhost\/cfa\/wp-content\/uploads\/2019\/07\/logo.png\",\"width\":500,\"height\":146,\"caption\":\"CFA Society\"},\"image\":{\"@id\":\"https:\/\/iana.com.uy\/cfatest\/#\/schema\/logo\/image\/\"},\"sameAs\":[\"https:\/\/www.facebook.com\/cfasocietyuruguay\",\"https:\/\/twitter.com\/CFA_URU\",\"https:\/\/www.instagram.com\/cfasocietyuruguay\/\",\"https:\/\/www.linkedin.com\/company\/cfa-society-uruguay\/\",\"https:\/\/www.youtube.com\/channel\/UCOCPlWClIZ4w1C5f_hhmIgg\"]}]}<\/script>\n<!-- \/ Yoast SEO plugin. -->","yoast_head_json":{"title":"Membres\u00eda - CFA Society Uruguay","robots":{"index":"index","follow":"follow","max-snippet":"max-snippet:-1","max-image-preview":"max-image-preview:large","max-video-preview":"max-video-preview:-1"},"canonical":"https:\/\/iana.com.uy\/cfatest\/membresia\/","og_locale":"es_ES","og_type":"article","og_title":"Membres\u00eda - CFA Society Uruguay","og_description":"Membres\u00eda","og_url":"https:\/\/iana.com.uy\/cfatest\/membresia\/","og_site_name":"CFA Society Uruguay","article_publisher":"https:\/\/www.facebook.com\/cfasocietyuruguay","article_modified_time":"2024-05-17T21:58:06+00:00","og_image":[{"url":"https:\/\/iana.com.uy\/cfatest\/wp-content\/uploads\/2024\/05\/circle-cfa.png"}],"twitter_card":"summary_large_image","twitter_site":"@CFA_URU","twitter_misc":{"Tiempo de lectura":"2 minutos"},"schema":{"@context":"https:\/\/schema.org","@graph":[{"@type":"WebPage","@id":"https:\/\/iana.com.uy\/cfatest\/membresia\/","url":"https:\/\/iana.com.uy\/cfatest\/membresia\/","name":"Membres\u00eda - CFA Society Uruguay","isPartOf":{"@id":"https:\/\/iana.com.uy\/cfatest\/#website"},"primaryImageOfPage":{"@id":"https:\/\/iana.com.uy\/cfatest\/membresia\/#primaryimage"},"image":{"@id":"https:\/\/iana.com.uy\/cfatest\/membresia\/#primaryimage"},"thumbnailUrl":"https:\/\/iana.com.uy\/cfatest\/wp-content\/uploads\/2024\/05\/circle-cfa.png","datePublished":"2018-06-27T19:55:09+00:00","dateModified":"2024-05-17T21:58:06+00:00","breadcrumb":{"@id":"https:\/\/iana.com.uy\/cfatest\/membresia\/#breadcrumb"},"inLanguage":"es","potentialAction":[{"@type":"ReadAction","target":["https:\/\/iana.com.uy\/cfatest\/membresia\/"]}]},{"@type":"ImageObject","inLanguage":"es","@id":"https:\/\/iana.com.uy\/cfatest\/membresia\/#primaryimage","url":"https:\/\/iana.com.uy\/cfatest\/wp-content\/uploads\/2024\/05\/circle-cfa.png","contentUrl":"https:\/\/iana.com.uy\/cfatest\/wp-content\/uploads\/2024\/05\/circle-cfa.png","width":614,"height":609},{"@type":"BreadcrumbList","@id":"https:\/\/iana.com.uy\/cfatest\/membresia\/#breadcrumb","itemListElement":[{"@type":"ListItem","position":1,"name":"Portada","item":"https:\/\/iana.com.uy\/cfatest\/es\/"},{"@type":"ListItem","position":2,"name":"Membres\u00eda"}]},{"@type":"WebSite","@id":"https:\/\/iana.com.uy\/cfatest\/#website","url":"https:\/\/iana.com.uy\/cfatest\/","name":"CFA Society Uruguay","description":"CFA Society Uruguay","publisher":{"@id":"https:\/\/iana.com.uy\/cfatest\/#organization"},"potentialAction":[{"@type":"SearchAction","target":{"@type":"EntryPoint","urlTemplate":"https:\/\/iana.com.uy\/cfatest\/?s={search_term_string}"},"query-input":"required name=search_term_string"}],"inLanguage":"es"},{"@type":"Organization","@id":"https:\/\/iana.com.uy\/cfatest\/#organization","name":"CFA Society","url":"https:\/\/iana.com.uy\/cfatest\/","logo":{"@type":"ImageObject","inLanguage":"es","@id":"https:\/\/iana.com.uy\/cfatest\/#\/schema\/logo\/image\/","url":"http:\/\/localhost\/cfa\/wp-content\/uploads\/2019\/07\/logo.png","contentUrl":"http:\/\/localhost\/cfa\/wp-content\/uploads\/2019\/07\/logo.png","width":500,"height":146,"caption":"CFA Society"},"image":{"@id":"https:\/\/iana.com.uy\/cfatest\/#\/schema\/logo\/image\/"},"sameAs":["https:\/\/www.facebook.com\/cfasocietyuruguay","https:\/\/twitter.com\/CFA_URU","https:\/\/www.instagram.com\/cfasocietyuruguay\/","https:\/\/www.linkedin.com\/company\/cfa-society-uruguay\/","https:\/\/www.youtube.com\/channel\/UCOCPlWClIZ4w1C5f_hhmIgg"]}]}},"_links":{"self":[{"href":"https:\/\/iana.com.uy\/cfatest\/wp-json\/wp\/v2\/pages\/147"}],"collection":[{"href":"https:\/\/iana.com.uy\/cfatest\/wp-json\/wp\/v2\/pages"}],"about":[{"href":"https:\/\/iana.com.uy\/cfatest\/wp-json\/wp\/v2\/types\/page"}],"author":[{"embeddable":true,"href":"https:\/\/iana.com.uy\/cfatest\/wp-json\/wp\/v2\/users\/1"}],"replies":[{"embeddable":true,"href":"https:\/\/iana.com.uy\/cfatest\/wp-json\/wp\/v2\/comments?post=147"}],"version-history":[{"count":4,"href":"https:\/\/iana.com.uy\/cfatest\/wp-json\/wp\/v2\/pages\/147\/revisions"}],"predecessor-version":[{"id":2123,"href":"https:\/\/iana.com.uy\/cfatest\/wp-json\/wp\/v2\/pages\/147\/revisions\/2123"}],"wp:attachment":[{"href":"https:\/\/iana.com.uy\/cfatest\/wp-json\/wp\/v2\/media?parent=147"}],"curies":[{"name":"wp","href":"https:\/\/api.w.org\/{rel}","templated":true}]}}