{"id":143,"date":"2018-06-27T19:48:49","date_gmt":"2018-06-27T19:48:49","guid":{"rendered":"https:\/\/iana.com.uy\/cfatest\/\/?page_id=143"},"modified":"2024-05-17T21:56:11","modified_gmt":"2024-05-17T21:56:11","slug":"fomento","status":"publish","type":"page","link":"https:\/\/iana.com.uy\/cfatest\/fomento\/","title":{"rendered":"Fomento"},"content":{"rendered":"<div class=\"gb-container gb-container-664f88e0\">\n<div class=\"gb-container gb-container-1d531832\">\n\n<h1 class=\"gb-headline gb-headline-eb51c9a1 gb-headline-text fw-normal\">C\u00f3digo de \u00c9tica<\/h1>\n\n\n<div class=\"gb-grid-wrapper gb-grid-wrapper-76a46810 justify-content-between\">\n<div class=\"gb-grid-column gb-grid-column-04590cdd\"><div class=\"gb-container gb-container-04590cdd\">\n\n<p>Todos los miembros de CFA Society Uruguay acuerdan cumplir y adherirse al C\u00f3digo de \u00e9tica y est\u00e1ndares de conducta profesional de CFA Institute.<br>El c\u00f3digo y las normas describen las mejores pr\u00e1cticas relacionadas con:<\/p>\n\n\n\n<ul>\n<li>profesionalismo<\/li>\n\n\n\n<li>la integridad de los mercados de capital<\/li>\n\n\n\n<li>deberes a los clientes<\/li>\n\n\n\n<li>deberes a los empleadores<\/li>\n\n\n\n<li>an\u00e1lisis de inversiones<\/li>\n\n\n\n<li>recomendaciones y acciones<\/li>\n\n\n\n<li>conflictos de inter\u00e9s<\/li>\n<\/ul>\n\n\n<div class=\"gb-container gb-container-93ff70d2\">\n\n<p>El c\u00f3digo y las normas brindan orientaci\u00f3n a los miembros, lo que les permite identificar y resolver conflictos \u00e9ticos para mantener la integridad de la profesi\u00f3n. CFA Institute y la CFA Society Uruguay hacen cumplir el c\u00f3digo y las normas a trav\u00e9s de autorrevelaci\u00f3n, quejas p\u00fablicas e informaci\u00f3n p\u00fablicamente disponible.<\/p>\n\n<\/div>\n\n\n<span class=\"gb-button gb-button-f5d4febf gb-button-text\">C\u00f3digo de \u00c9tica<\/span>\n\n<\/div><\/div>\n\n<div class=\"gb-grid-column gb-grid-column-ca6067fe\"><div class=\"gb-container gb-container-ca6067fe\">\n\n<figure class=\"wp-block-image size-full\"><img loading=\"lazy\" decoding=\"async\" width=\"591\" height=\"591\" src=\"https:\/\/iana.com.uy\/cfatest\/wp-content\/uploads\/2024\/04\/balanza.png\" alt=\"\" class=\"wp-image-1992\" srcset=\"https:\/\/iana.com.uy\/cfatest\/wp-content\/uploads\/2024\/04\/balanza.png 591w, https:\/\/iana.com.uy\/cfatest\/wp-content\/uploads\/2024\/04\/balanza-300x300.png 300w, https:\/\/iana.com.uy\/cfatest\/wp-content\/uploads\/2024\/04\/balanza-150x150.png 150w\" sizes=\"(max-width: 591px) 100vw, 591px\" \/><\/figure>\n\n<\/div><\/div>\n<\/div>\n<\/div>\n<\/div>\n\n<div class=\"gb-container gb-container-55b001da\">\n<div class=\"gb-container gb-container-28d46fbb\">\n\n<h1 class=\"gb-headline gb-headline-043b00dd gb-headline-text fw-normal\">GIPS\u00ae<\/h1>\n\n\n<div class=\"gb-grid-wrapper gb-grid-wrapper-932f9440 justify-content-between\">\n<div class=\"gb-grid-column gb-grid-column-89731468\"><div class=\"gb-container gb-container-89731468\">\n\n<p>Los Est\u00e1ndares Globales de Desempe\u00f1o de Inversi\u00f3n (GIPS\u00ae) son est\u00e1ndares voluntarios basados en los principios fundamentales de divulgaci\u00f3n completa y representaci\u00f3n justa de los resultados de rendimiento de la inversi\u00f3n. Un est\u00e1ndar global para la presentaci\u00f3n de informes de rendimiento de inversi\u00f3n ofrece a los inversores de todo el mundo la transparencia adicional que necesitan para comparar y evaluar a los gestores de inversiones.<\/p>\n\n\n\n<span class=\"gb-button gb-button-b34d6940 gb-button-text\">M\u00e1s Informaci\u00f3n<\/span>\n\n<\/div><\/div>\n\n<div class=\"gb-grid-column gb-grid-column-637bbf1d\"><div class=\"gb-container gb-container-637bbf1d\"><\/div><\/div>\n<\/div>\n<\/div>\n<\/div>","protected":false},"excerpt":{"rendered":"<p>C\u00f3digo de \u00c9tica GIPS\u00ae<\/p>\n","protected":false},"author":1,"featured_media":0,"parent":0,"menu_order":0,"comment_status":"closed","ping_status":"closed","template":"","meta":{"_acf_changed":false,"footnotes":""},"acf":[],"yoast_head":"<!-- This site is optimized with the Yoast SEO plugin v22.4 - https:\/\/yoast.com\/wordpress\/plugins\/seo\/ -->\n<title>Fomento - CFA Society Uruguay<\/title>\n<meta name=\"robots\" content=\"index, follow, max-snippet:-1, max-image-preview:large, max-video-preview:-1\" \/>\n<link rel=\"canonical\" href=\"https:\/\/iana.com.uy\/cfatest\/fomento\/\" \/>\n<meta property=\"og:locale\" content=\"es_ES\" \/>\n<meta property=\"og:type\" content=\"article\" \/>\n<meta property=\"og:title\" content=\"Fomento - CFA Society Uruguay\" \/>\n<meta property=\"og:description\" content=\"C\u00f3digo de \u00c9tica GIPS\u00ae\" \/>\n<meta property=\"og:url\" content=\"https:\/\/iana.com.uy\/cfatest\/fomento\/\" \/>\n<meta property=\"og:site_name\" content=\"CFA Society Uruguay\" \/>\n<meta property=\"article:publisher\" content=\"https:\/\/www.facebook.com\/cfasocietyuruguay\" \/>\n<meta property=\"article:modified_time\" content=\"2024-05-17T21:56:11+00:00\" \/>\n<meta property=\"og:image\" content=\"https:\/\/iana.com.uy\/cfatest\/wp-content\/uploads\/2024\/04\/balanza.png\" \/>\n<meta name=\"twitter:card\" content=\"summary_large_image\" \/>\n<meta name=\"twitter:site\" content=\"@CFA_URU\" \/>\n<meta name=\"twitter:label1\" content=\"Tiempo de lectura\" \/>\n\t<meta name=\"twitter:data1\" content=\"2 minutos\" \/>\n<script type=\"application\/ld+json\" class=\"yoast-schema-graph\">{\"@context\":\"https:\/\/schema.org\",\"@graph\":[{\"@type\":\"WebPage\",\"@id\":\"https:\/\/iana.com.uy\/cfatest\/fomento\/\",\"url\":\"https:\/\/iana.com.uy\/cfatest\/fomento\/\",\"name\":\"Fomento - CFA Society Uruguay\",\"isPartOf\":{\"@id\":\"https:\/\/iana.com.uy\/cfatest\/#website\"},\"primaryImageOfPage\":{\"@id\":\"https:\/\/iana.com.uy\/cfatest\/fomento\/#primaryimage\"},\"image\":{\"@id\":\"https:\/\/iana.com.uy\/cfatest\/fomento\/#primaryimage\"},\"thumbnailUrl\":\"https:\/\/iana.com.uy\/cfatest\/wp-content\/uploads\/2024\/04\/balanza.png\",\"datePublished\":\"2018-06-27T19:48:49+00:00\",\"dateModified\":\"2024-05-17T21:56:11+00:00\",\"breadcrumb\":{\"@id\":\"https:\/\/iana.com.uy\/cfatest\/fomento\/#breadcrumb\"},\"inLanguage\":\"es\",\"potentialAction\":[{\"@type\":\"ReadAction\",\"target\":[\"https:\/\/iana.com.uy\/cfatest\/fomento\/\"]}]},{\"@type\":\"ImageObject\",\"inLanguage\":\"es\",\"@id\":\"https:\/\/iana.com.uy\/cfatest\/fomento\/#primaryimage\",\"url\":\"https:\/\/iana.com.uy\/cfatest\/wp-content\/uploads\/2024\/04\/balanza.png\",\"contentUrl\":\"https:\/\/iana.com.uy\/cfatest\/wp-content\/uploads\/2024\/04\/balanza.png\",\"width\":591,\"height\":591},{\"@type\":\"BreadcrumbList\",\"@id\":\"https:\/\/iana.com.uy\/cfatest\/fomento\/#breadcrumb\",\"itemListElement\":[{\"@type\":\"ListItem\",\"position\":1,\"name\":\"Portada\",\"item\":\"https:\/\/iana.com.uy\/cfatest\/es\/\"},{\"@type\":\"ListItem\",\"position\":2,\"name\":\"Fomento\"}]},{\"@type\":\"WebSite\",\"@id\":\"https:\/\/iana.com.uy\/cfatest\/#website\",\"url\":\"https:\/\/iana.com.uy\/cfatest\/\",\"name\":\"CFA Society Uruguay\",\"description\":\"CFA Society Uruguay\",\"publisher\":{\"@id\":\"https:\/\/iana.com.uy\/cfatest\/#organization\"},\"potentialAction\":[{\"@type\":\"SearchAction\",\"target\":{\"@type\":\"EntryPoint\",\"urlTemplate\":\"https:\/\/iana.com.uy\/cfatest\/?s={search_term_string}\"},\"query-input\":\"required name=search_term_string\"}],\"inLanguage\":\"es\"},{\"@type\":\"Organization\",\"@id\":\"https:\/\/iana.com.uy\/cfatest\/#organization\",\"name\":\"CFA Society\",\"url\":\"https:\/\/iana.com.uy\/cfatest\/\",\"logo\":{\"@type\":\"ImageObject\",\"inLanguage\":\"es\",\"@id\":\"https:\/\/iana.com.uy\/cfatest\/#\/schema\/logo\/image\/\",\"url\":\"http:\/\/localhost\/cfa\/wp-content\/uploads\/2019\/07\/logo.png\",\"contentUrl\":\"http:\/\/localhost\/cfa\/wp-content\/uploads\/2019\/07\/logo.png\",\"width\":500,\"height\":146,\"caption\":\"CFA Society\"},\"image\":{\"@id\":\"https:\/\/iana.com.uy\/cfatest\/#\/schema\/logo\/image\/\"},\"sameAs\":[\"https:\/\/www.facebook.com\/cfasocietyuruguay\",\"https:\/\/twitter.com\/CFA_URU\",\"https:\/\/www.instagram.com\/cfasocietyuruguay\/\",\"https:\/\/www.linkedin.com\/company\/cfa-society-uruguay\/\",\"https:\/\/www.youtube.com\/channel\/UCOCPlWClIZ4w1C5f_hhmIgg\"]}]}<\/script>\n<!-- \/ Yoast SEO plugin. -->","yoast_head_json":{"title":"Fomento - CFA Society Uruguay","robots":{"index":"index","follow":"follow","max-snippet":"max-snippet:-1","max-image-preview":"max-image-preview:large","max-video-preview":"max-video-preview:-1"},"canonical":"https:\/\/iana.com.uy\/cfatest\/fomento\/","og_locale":"es_ES","og_type":"article","og_title":"Fomento - CFA Society Uruguay","og_description":"C\u00f3digo de \u00c9tica GIPS\u00ae","og_url":"https:\/\/iana.com.uy\/cfatest\/fomento\/","og_site_name":"CFA Society Uruguay","article_publisher":"https:\/\/www.facebook.com\/cfasocietyuruguay","article_modified_time":"2024-05-17T21:56:11+00:00","og_image":[{"url":"https:\/\/iana.com.uy\/cfatest\/wp-content\/uploads\/2024\/04\/balanza.png"}],"twitter_card":"summary_large_image","twitter_site":"@CFA_URU","twitter_misc":{"Tiempo de lectura":"2 minutos"},"schema":{"@context":"https:\/\/schema.org","@graph":[{"@type":"WebPage","@id":"https:\/\/iana.com.uy\/cfatest\/fomento\/","url":"https:\/\/iana.com.uy\/cfatest\/fomento\/","name":"Fomento - CFA Society Uruguay","isPartOf":{"@id":"https:\/\/iana.com.uy\/cfatest\/#website"},"primaryImageOfPage":{"@id":"https:\/\/iana.com.uy\/cfatest\/fomento\/#primaryimage"},"image":{"@id":"https:\/\/iana.com.uy\/cfatest\/fomento\/#primaryimage"},"thumbnailUrl":"https:\/\/iana.com.uy\/cfatest\/wp-content\/uploads\/2024\/04\/balanza.png","datePublished":"2018-06-27T19:48:49+00:00","dateModified":"2024-05-17T21:56:11+00:00","breadcrumb":{"@id":"https:\/\/iana.com.uy\/cfatest\/fomento\/#breadcrumb"},"inLanguage":"es","potentialAction":[{"@type":"ReadAction","target":["https:\/\/iana.com.uy\/cfatest\/fomento\/"]}]},{"@type":"ImageObject","inLanguage":"es","@id":"https:\/\/iana.com.uy\/cfatest\/fomento\/#primaryimage","url":"https:\/\/iana.com.uy\/cfatest\/wp-content\/uploads\/2024\/04\/balanza.png","contentUrl":"https:\/\/iana.com.uy\/cfatest\/wp-content\/uploads\/2024\/04\/balanza.png","width":591,"height":591},{"@type":"BreadcrumbList","@id":"https:\/\/iana.com.uy\/cfatest\/fomento\/#breadcrumb","itemListElement":[{"@type":"ListItem","position":1,"name":"Portada","item":"https:\/\/iana.com.uy\/cfatest\/es\/"},{"@type":"ListItem","position":2,"name":"Fomento"}]},{"@type":"WebSite","@id":"https:\/\/iana.com.uy\/cfatest\/#website","url":"https:\/\/iana.com.uy\/cfatest\/","name":"CFA Society Uruguay","description":"CFA Society Uruguay","publisher":{"@id":"https:\/\/iana.com.uy\/cfatest\/#organization"},"potentialAction":[{"@type":"SearchAction","target":{"@type":"EntryPoint","urlTemplate":"https:\/\/iana.com.uy\/cfatest\/?s={search_term_string}"},"query-input":"required name=search_term_string"}],"inLanguage":"es"},{"@type":"Organization","@id":"https:\/\/iana.com.uy\/cfatest\/#organization","name":"CFA Society","url":"https:\/\/iana.com.uy\/cfatest\/","logo":{"@type":"ImageObject","inLanguage":"es","@id":"https:\/\/iana.com.uy\/cfatest\/#\/schema\/logo\/image\/","url":"http:\/\/localhost\/cfa\/wp-content\/uploads\/2019\/07\/logo.png","contentUrl":"http:\/\/localhost\/cfa\/wp-content\/uploads\/2019\/07\/logo.png","width":500,"height":146,"caption":"CFA Society"},"image":{"@id":"https:\/\/iana.com.uy\/cfatest\/#\/schema\/logo\/image\/"},"sameAs":["https:\/\/www.facebook.com\/cfasocietyuruguay","https:\/\/twitter.com\/CFA_URU","https:\/\/www.instagram.com\/cfasocietyuruguay\/","https:\/\/www.linkedin.com\/company\/cfa-society-uruguay\/","https:\/\/www.youtube.com\/channel\/UCOCPlWClIZ4w1C5f_hhmIgg"]}]}},"_links":{"self":[{"href":"https:\/\/iana.com.uy\/cfatest\/wp-json\/wp\/v2\/pages\/143"}],"collection":[{"href":"https:\/\/iana.com.uy\/cfatest\/wp-json\/wp\/v2\/pages"}],"about":[{"href":"https:\/\/iana.com.uy\/cfatest\/wp-json\/wp\/v2\/types\/page"}],"author":[{"embeddable":true,"href":"https:\/\/iana.com.uy\/cfatest\/wp-json\/wp\/v2\/users\/1"}],"replies":[{"embeddable":true,"href":"https:\/\/iana.com.uy\/cfatest\/wp-json\/wp\/v2\/comments?post=143"}],"version-history":[{"count":6,"href":"https:\/\/iana.com.uy\/cfatest\/wp-json\/wp\/v2\/pages\/143\/revisions"}],"predecessor-version":[{"id":2121,"href":"https:\/\/iana.com.uy\/cfatest\/wp-json\/wp\/v2\/pages\/143\/revisions\/2121"}],"wp:attachment":[{"href":"https:\/\/iana.com.uy\/cfatest\/wp-json\/wp\/v2\/media?parent=143"}],"curies":[{"name":"wp","href":"https:\/\/api.w.org\/{rel}","templated":true}]}}