{"id":130,"date":"2018-06-27T19:15:16","date_gmt":"2018-06-27T19:15:16","guid":{"rendered":"https:\/\/iana.com.uy\/cfatest\/\/?page_id=130"},"modified":"2024-05-17T21:52:49","modified_gmt":"2024-05-17T21:52:49","slug":"programas","status":"publish","type":"page","link":"https:\/\/iana.com.uy\/cfatest\/programas\/","title":{"rendered":"Programas"},"content":{"rendered":"<div class=\"gb-container gb-container-6396cea9\">\n<div class=\"gb-container gb-container-75803d0a\">\n<div class=\"gb-grid-wrapper gb-grid-wrapper-66baf046 justify-content-between\">\n<div class=\"gb-grid-column gb-grid-column-783cfb02\"><div class=\"gb-container gb-container-783cfb02\">\n\n<h1 class=\"gb-headline gb-headline-0cbc00e7 gb-headline-text fw-normal\">CFA Program<\/h1>\n\n\n\n<p>El programa Chartered Financial Analyst (CFA), otorgado por CFA Institute, es la credencial de gesti\u00f3n de inversiones m\u00e1s respetada y reconocida en el mundo.<br>El programa de autoestudio a nivel de maestr\u00eda, proporciona una base s\u00f3lida de an\u00e1lisis de inversi\u00f3n avanzada y habilidades de gesti\u00f3n de carteras en el mundo real que se necesitan en el entorno competitivo actual. La designaci\u00f3n CFA se otorga a los profesionales de inversi\u00f3n que hayan completado con \u00e9xito y hayan aprobado tres ex\u00e1menes exhaustivos y rigurosos durante un per\u00edodo m\u00ednimo de 2,5 a\u00f1os. Para obtener la designaci\u00f3n CFA, los candidatos tambi\u00e9n deben tener al menos cuatro a\u00f1os de experiencia relevante en inversiones profesionales, cumplir con el C\u00f3digo de \u00c9tica y Est\u00e1ndares de Conducta Profesional del CFA Institute y ser miembros regulares del CFA Institute.<br>Obtenga m\u00e1s informaci\u00f3n del CFA Institute sobre la designaci\u00f3n de CFA y su importancia.<\/p>\n\n<\/div><\/div>\n\n<div class=\"gb-grid-column gb-grid-column-8b385fbd\"><div class=\"gb-container gb-container-8b385fbd\">\n\n<figure class=\"wp-block-image size-full\"><img loading=\"lazy\" decoding=\"async\" width=\"942\" height=\"724\" src=\"https:\/\/iana.com.uy\/cfatest\/wp-content\/uploads\/2024\/04\/img-curso.jpg\" alt=\"\" class=\"wp-image-1950\"\/><\/figure>\n\n<\/div><\/div>\n<\/div>\n<\/div>\n<\/div>\n\n<div class=\"gb-container gb-container-3c30031b\">\n<div class=\"gb-container gb-container-3c697a24\">\n<div class=\"gb-container gb-container-60d991d1\">\n\n<h1 class=\"gb-headline gb-headline-8f70bcc0 gb-headline-text\">Curso de Preparaci\u00f3n \/ Repaso<\/h1>\n\n\n<div class=\"gb-container gb-container-9f2781e6\">\n\n<figure class=\"wp-block-image size-full m-0\"><img loading=\"lazy\" decoding=\"async\" width=\"394\" height=\"69\" src=\"http:\/\/localhost\/cfa\/wp-content\/uploads\/2018\/06\/Logo-Schweser-Kaplan-1.jpg\" alt=\"\" class=\"wp-image-449\" style=\"object-fit:cover\" srcset=\"https:\/\/iana.com.uy\/cfatest\/wp-content\/uploads\/2018\/06\/Logo-Schweser-Kaplan-1.jpg 394w, https:\/\/iana.com.uy\/cfatest\/wp-content\/uploads\/2018\/06\/Logo-Schweser-Kaplan-1-250x44.jpg 250w, https:\/\/iana.com.uy\/cfatest\/wp-content\/uploads\/2018\/06\/Logo-Schweser-Kaplan-1-120x21.jpg 120w\" sizes=\"(max-width: 394px) 100vw, 394px\" \/><\/figure>\n\n<\/div>\n<\/div>\n\n<div class=\"gb-grid-wrapper gb-grid-wrapper-ba9d35f2\">\n<div class=\"gb-grid-column gb-grid-column-92e82b39\"><div class=\"gb-container gb-container-92e82b39\">\n\n<p>CFA\u00ae Study Program el m\u00e1s confiable en todo el mundo<br>Kaplan Schweser se ha asociado con las sociedades de CFA durante 15 a\u00f1os, apoyando a los candidatos a convertirse en CFA\u00ae charterholders. El programa de estudios de Schweser ha evolucionado a lo largo de los a\u00f1os para crear una experiencia atractiva y motivadora para los candidatos, gui\u00e1ndolos para el \u00e9xito en el examen de una manera eficiente y adaptable.<br>Recursos gratuitos de Kaplan Schweser<br>Schweser ofrece recursos gratuitos para aquellos interesados en obtener el car\u00e1cter CFA\u00ae. Desde un correo electr\u00f3nico diario con preguntas de CFA hasta libros electr\u00f3nicos y una aplicaci\u00f3n para el m\u00f3vil. Leer m\u00e1s \u00bb<br>Free Question of the Day<br>\u00a1Reg\u00edstrate para recibir una pregunta de pr\u00e1ctica de CFA espec\u00edfica para cada nivel enviada directamente a su bandeja de entrada cada d\u00eda!<br>Free Adaptive CFA\u00ae Review App<br>Lleve su plan de estudios sobre la marcha \u2026 y obtenga la pr\u00e1ctica que necesita en su momento. Y lo mejor de todo \u2026 \u00a1Es gratis!<\/p>\n\n<\/div><\/div>\n\n<div class=\"gb-grid-column gb-grid-column-25b5d4c1\"><div class=\"gb-container gb-container-25b5d4c1\">\n\n<p>Free eBook: Before You Decide to Sit for the CFA Exam<br>Obtenga asesoramiento de CFA charterholders que han experimentado con \u00e9xito el programa. Aprenda lo que se necesita para obtener el car\u00e1cter y finalmente triunfar en la industria de la inversi\u00f3n.<br>Mock Exam (Examen de Prueba)<br>Como servicio para todos los Candidatos del CFA (Niveles I, II y III), CFA Society Uruguay se asoci\u00f3 con Kaplan Schweser y ofrece ex\u00e1menes de prueba para ayudar a evaluar su preparaci\u00f3n para el examen real. El mismo se presenta en condiciones similares a las del examen real. Los Candidatos del CFA deben usar los resultados de su examen para determinar qu\u00e9 \u00e1reas del Programa necesitan la mayor atenci\u00f3n durante las \u00faltimas semanas cr\u00edticas de estudio antes de la fecha de la prueba real.<\/p>\n\n\n<div class=\"gb-container gb-container-7c5d6d2b\">\n\n<p>Por mayor informaci\u00f3n contactenos<\/p>\n\n<\/div>\n\n<div class=\"gb-container gb-container-cece90ab\">\n\n<span class=\"gb-button gb-button-2ad89fc1 gb-button-text\">Contactar<\/span>\n\n<\/div>\n<\/div><\/div>\n<\/div>\n<\/div>\n<\/div>\n\n<div class=\"gb-container gb-container-2e4c9c50\">\n<div class=\"gb-container gb-container-9200d427\">\n\n<h1 class=\"gb-headline gb-headline-26b47b0a gb-headline-text\">Becas<\/h1>\n\n\n\n<p>Para obtener m\u00e1s informaci\u00f3n sobre becas, ingrese en el siguiente LINK<\/p>\n\n\n\n<span class=\"gb-button gb-button-9535aaca gb-button-text\">Mas informacion<\/span>\n\n<\/div>\n<\/div>\n\n<div class=\"gb-container gb-container-664f88e0\">\n<div class=\"gb-container gb-container-1d531832\">\n\n<h1 class=\"gb-headline gb-headline-eb51c9a1 gb-headline-text fw-normal\">Certificate in ESG Investing<\/h1>\n\n\n<div class=\"gb-grid-wrapper gb-grid-wrapper-76a46810 justify-content-between\">\n<div class=\"gb-grid-column gb-grid-column-04590cdd\"><div class=\"gb-container gb-container-04590cdd\">\n<div class=\"gb-container gb-container-e3d179df\">\n\n<p><strong>C\u00f3mo hacer una diferencia en tu carrera y en el mundo.<\/strong><\/p>\n\n<\/div>\n\n\n<p>El certificado en ESG Investing otorgado por el CFA Institute brinda el conocimiento necesario para manejar inversiones integrando factores ambientales, sociales y de gobernanza.<br>Obtenga reconocimiento profesional por sus conocimientos en conceptos ESG por tan solo 675 USD y 100 horas de estudio.<\/p>\n\n\n\n<span class=\"gb-button gb-button-f5d4febf gb-button-text\">Mas informacion<\/span>\n\n\n\n<p>CFA Society Uruguay se asoci\u00f3 con Fitch Learning para brindarle un 20% de descuento en capacitaci\u00f3n en l\u00ednea para el Certificado CFA Institute en ESG Investing. El examen y el material del curso est\u00e1n en ingl\u00e9s.<br>Simplemente introduce el c\u00f3digo CFAESGURU20 en al finalizar la compra.<\/p>\n\n\n\n<span class=\"gb-button gb-button-61377f76 gb-button-text\">Mas informacion<\/span>\n\n<\/div><\/div>\n\n<div class=\"gb-grid-column gb-grid-column-ca6067fe\"><div class=\"gb-container gb-container-ca6067fe\">\n\n<figure class=\"wp-block-image size-full\"><img loading=\"lazy\" decoding=\"async\" width=\"735\" height=\"736\" src=\"https:\/\/iana.com.uy\/cfatest\/wp-content\/uploads\/2024\/04\/blue-circle.png\" alt=\"\" class=\"wp-image-1982\" srcset=\"https:\/\/iana.com.uy\/cfatest\/wp-content\/uploads\/2024\/04\/blue-circle.png 735w, https:\/\/iana.com.uy\/cfatest\/wp-content\/uploads\/2024\/04\/blue-circle-300x300.png 300w, https:\/\/iana.com.uy\/cfatest\/wp-content\/uploads\/2024\/04\/blue-circle-150x150.png 150w\" sizes=\"(max-width: 735px) 100vw, 735px\" \/><\/figure>\n\n<\/div><\/div>\n<\/div>\n<\/div>\n<\/div>\n\n<div class=\"gb-container gb-container-f1ba36a0\">\n<div class=\"gb-container gb-container-e414f583\">\n<div class=\"gb-grid-wrapper gb-grid-wrapper-801c931b justify-content-between\">\n<div class=\"gb-grid-column gb-grid-column-a58a5050\"><div class=\"gb-container gb-container-a58a5050\">\n\n<h1 class=\"gb-headline gb-headline-c84cdece gb-headline-text fw-normal\">CIPM Program<\/h1>\n\n\n\n<p>La credencial de Certificate in Investment Performance Measurement (CIPM\u00ae) desarrolla sus habilidades en el desempe\u00f1o de la inversi\u00f3n efectiva y la evaluaci\u00f3n de riesgos, la selecci\u00f3n del gerente y los informes de inversi\u00f3n basados en la responsabilidad. El programa CIPM tiene dos niveles: Nivel I y Nivel II. Los titulares de becas CFA y los candidatos que hayan completado con \u00e9xito el examen CFA Nivel III pueden eludir el examen Level I CIPM y registrarse directamente para el examen CIPM nivel II.<br>Obtenga m\u00e1s informaci\u00f3n sobre la designaci\u00f3n de CIPM y su significado<\/p>\n\n\n\n<span class=\"gb-button gb-button-8ca6140e gb-button-text\">Mas informacion<\/span>\n\n<\/div><\/div>\n\n<div class=\"gb-grid-column gb-grid-column-7c6db14d\"><div class=\"gb-container gb-container-7c6db14d\">\n\n<figure class=\"wp-block-image size-full\"><img loading=\"lazy\" decoding=\"async\" width=\"625\" height=\"625\" src=\"https:\/\/iana.com.uy\/cfatest\/wp-content\/uploads\/2024\/04\/clock-blue.png\" alt=\"\" class=\"wp-image-1988\" srcset=\"https:\/\/iana.com.uy\/cfatest\/wp-content\/uploads\/2024\/04\/clock-blue.png 625w, https:\/\/iana.com.uy\/cfatest\/wp-content\/uploads\/2024\/04\/clock-blue-300x300.png 300w, https:\/\/iana.com.uy\/cfatest\/wp-content\/uploads\/2024\/04\/clock-blue-150x150.png 150w\" sizes=\"(max-width: 625px) 100vw, 625px\" \/><\/figure>\n\n<\/div><\/div>\n<\/div>\n<\/div>\n<\/div>","protected":false},"excerpt":{"rendered":"<p>Curso de Preparaci\u00f3n \/ Repaso Becas Para obtener m\u00e1s informaci\u00f3n sobre becas, ingrese en el siguiente LINK Certificate in ESG Investing<\/p>\n","protected":false},"author":1,"featured_media":0,"parent":0,"menu_order":0,"comment_status":"closed","ping_status":"closed","template":"page-programs.php","meta":{"_acf_changed":false,"footnotes":""},"acf":[],"yoast_head":"<!-- This site is optimized with the Yoast SEO plugin v22.4 - https:\/\/yoast.com\/wordpress\/plugins\/seo\/ -->\n<title>Programas - CFA Society Uruguay<\/title>\n<meta name=\"robots\" content=\"index, follow, max-snippet:-1, max-image-preview:large, max-video-preview:-1\" \/>\n<link rel=\"canonical\" href=\"https:\/\/iana.com.uy\/cfatest\/programas\/\" \/>\n<meta property=\"og:locale\" content=\"es_ES\" \/>\n<meta property=\"og:type\" content=\"article\" \/>\n<meta property=\"og:title\" content=\"Programas - CFA Society Uruguay\" \/>\n<meta property=\"og:description\" content=\"Curso de Preparaci\u00f3n \/ Repaso Becas Para obtener m\u00e1s informaci\u00f3n sobre becas, ingrese en el siguiente LINK Certificate in ESG Investing\" \/>\n<meta property=\"og:url\" content=\"https:\/\/iana.com.uy\/cfatest\/programas\/\" \/>\n<meta property=\"og:site_name\" content=\"CFA Society Uruguay\" \/>\n<meta property=\"article:publisher\" content=\"https:\/\/www.facebook.com\/cfasocietyuruguay\" \/>\n<meta property=\"article:modified_time\" content=\"2024-05-17T21:52:49+00:00\" \/>\n<meta property=\"og:image\" content=\"https:\/\/iana.com.uy\/cfatest\/wp-content\/uploads\/2024\/04\/img-curso.jpg\" \/>\n<meta name=\"twitter:card\" content=\"summary_large_image\" \/>\n<meta name=\"twitter:site\" content=\"@CFA_URU\" \/>\n<meta name=\"twitter:label1\" content=\"Tiempo de lectura\" \/>\n\t<meta name=\"twitter:data1\" content=\"4 minutos\" \/>\n<script type=\"application\/ld+json\" class=\"yoast-schema-graph\">{\"@context\":\"https:\/\/schema.org\",\"@graph\":[{\"@type\":\"WebPage\",\"@id\":\"https:\/\/iana.com.uy\/cfatest\/programas\/\",\"url\":\"https:\/\/iana.com.uy\/cfatest\/programas\/\",\"name\":\"Programas - CFA Society Uruguay\",\"isPartOf\":{\"@id\":\"https:\/\/iana.com.uy\/cfatest\/#website\"},\"primaryImageOfPage\":{\"@id\":\"https:\/\/iana.com.uy\/cfatest\/programas\/#primaryimage\"},\"image\":{\"@id\":\"https:\/\/iana.com.uy\/cfatest\/programas\/#primaryimage\"},\"thumbnailUrl\":\"https:\/\/iana.com.uy\/cfatest\/wp-content\/uploads\/2024\/04\/img-curso.jpg\",\"datePublished\":\"2018-06-27T19:15:16+00:00\",\"dateModified\":\"2024-05-17T21:52:49+00:00\",\"breadcrumb\":{\"@id\":\"https:\/\/iana.com.uy\/cfatest\/programas\/#breadcrumb\"},\"inLanguage\":\"es\",\"potentialAction\":[{\"@type\":\"ReadAction\",\"target\":[\"https:\/\/iana.com.uy\/cfatest\/programas\/\"]}]},{\"@type\":\"ImageObject\",\"inLanguage\":\"es\",\"@id\":\"https:\/\/iana.com.uy\/cfatest\/programas\/#primaryimage\",\"url\":\"https:\/\/iana.com.uy\/cfatest\/wp-content\/uploads\/2024\/04\/img-curso.jpg\",\"contentUrl\":\"https:\/\/iana.com.uy\/cfatest\/wp-content\/uploads\/2024\/04\/img-curso.jpg\",\"width\":942,\"height\":724},{\"@type\":\"BreadcrumbList\",\"@id\":\"https:\/\/iana.com.uy\/cfatest\/programas\/#breadcrumb\",\"itemListElement\":[{\"@type\":\"ListItem\",\"position\":1,\"name\":\"Portada\",\"item\":\"https:\/\/iana.com.uy\/cfatest\/es\/\"},{\"@type\":\"ListItem\",\"position\":2,\"name\":\"Programas\"}]},{\"@type\":\"WebSite\",\"@id\":\"https:\/\/iana.com.uy\/cfatest\/#website\",\"url\":\"https:\/\/iana.com.uy\/cfatest\/\",\"name\":\"CFA Society Uruguay\",\"description\":\"CFA Society Uruguay\",\"publisher\":{\"@id\":\"https:\/\/iana.com.uy\/cfatest\/#organization\"},\"potentialAction\":[{\"@type\":\"SearchAction\",\"target\":{\"@type\":\"EntryPoint\",\"urlTemplate\":\"https:\/\/iana.com.uy\/cfatest\/?s={search_term_string}\"},\"query-input\":\"required name=search_term_string\"}],\"inLanguage\":\"es\"},{\"@type\":\"Organization\",\"@id\":\"https:\/\/iana.com.uy\/cfatest\/#organization\",\"name\":\"CFA Society\",\"url\":\"https:\/\/iana.com.uy\/cfatest\/\",\"logo\":{\"@type\":\"ImageObject\",\"inLanguage\":\"es\",\"@id\":\"https:\/\/iana.com.uy\/cfatest\/#\/schema\/logo\/image\/\",\"url\":\"http:\/\/localhost\/cfa\/wp-content\/uploads\/2019\/07\/logo.png\",\"contentUrl\":\"http:\/\/localhost\/cfa\/wp-content\/uploads\/2019\/07\/logo.png\",\"width\":500,\"height\":146,\"caption\":\"CFA Society\"},\"image\":{\"@id\":\"https:\/\/iana.com.uy\/cfatest\/#\/schema\/logo\/image\/\"},\"sameAs\":[\"https:\/\/www.facebook.com\/cfasocietyuruguay\",\"https:\/\/twitter.com\/CFA_URU\",\"https:\/\/www.instagram.com\/cfasocietyuruguay\/\",\"https:\/\/www.linkedin.com\/company\/cfa-society-uruguay\/\",\"https:\/\/www.youtube.com\/channel\/UCOCPlWClIZ4w1C5f_hhmIgg\"]}]}<\/script>\n<!-- \/ Yoast SEO plugin. -->","yoast_head_json":{"title":"Programas - CFA Society Uruguay","robots":{"index":"index","follow":"follow","max-snippet":"max-snippet:-1","max-image-preview":"max-image-preview:large","max-video-preview":"max-video-preview:-1"},"canonical":"https:\/\/iana.com.uy\/cfatest\/programas\/","og_locale":"es_ES","og_type":"article","og_title":"Programas - CFA Society Uruguay","og_description":"Curso de Preparaci\u00f3n \/ Repaso Becas Para obtener m\u00e1s informaci\u00f3n sobre becas, ingrese en el siguiente LINK Certificate in ESG Investing","og_url":"https:\/\/iana.com.uy\/cfatest\/programas\/","og_site_name":"CFA Society Uruguay","article_publisher":"https:\/\/www.facebook.com\/cfasocietyuruguay","article_modified_time":"2024-05-17T21:52:49+00:00","og_image":[{"url":"https:\/\/iana.com.uy\/cfatest\/wp-content\/uploads\/2024\/04\/img-curso.jpg"}],"twitter_card":"summary_large_image","twitter_site":"@CFA_URU","twitter_misc":{"Tiempo de lectura":"4 minutos"},"schema":{"@context":"https:\/\/schema.org","@graph":[{"@type":"WebPage","@id":"https:\/\/iana.com.uy\/cfatest\/programas\/","url":"https:\/\/iana.com.uy\/cfatest\/programas\/","name":"Programas - CFA Society Uruguay","isPartOf":{"@id":"https:\/\/iana.com.uy\/cfatest\/#website"},"primaryImageOfPage":{"@id":"https:\/\/iana.com.uy\/cfatest\/programas\/#primaryimage"},"image":{"@id":"https:\/\/iana.com.uy\/cfatest\/programas\/#primaryimage"},"thumbnailUrl":"https:\/\/iana.com.uy\/cfatest\/wp-content\/uploads\/2024\/04\/img-curso.jpg","datePublished":"2018-06-27T19:15:16+00:00","dateModified":"2024-05-17T21:52:49+00:00","breadcrumb":{"@id":"https:\/\/iana.com.uy\/cfatest\/programas\/#breadcrumb"},"inLanguage":"es","potentialAction":[{"@type":"ReadAction","target":["https:\/\/iana.com.uy\/cfatest\/programas\/"]}]},{"@type":"ImageObject","inLanguage":"es","@id":"https:\/\/iana.com.uy\/cfatest\/programas\/#primaryimage","url":"https:\/\/iana.com.uy\/cfatest\/wp-content\/uploads\/2024\/04\/img-curso.jpg","contentUrl":"https:\/\/iana.com.uy\/cfatest\/wp-content\/uploads\/2024\/04\/img-curso.jpg","width":942,"height":724},{"@type":"BreadcrumbList","@id":"https:\/\/iana.com.uy\/cfatest\/programas\/#breadcrumb","itemListElement":[{"@type":"ListItem","position":1,"name":"Portada","item":"https:\/\/iana.com.uy\/cfatest\/es\/"},{"@type":"ListItem","position":2,"name":"Programas"}]},{"@type":"WebSite","@id":"https:\/\/iana.com.uy\/cfatest\/#website","url":"https:\/\/iana.com.uy\/cfatest\/","name":"CFA Society Uruguay","description":"CFA Society Uruguay","publisher":{"@id":"https:\/\/iana.com.uy\/cfatest\/#organization"},"potentialAction":[{"@type":"SearchAction","target":{"@type":"EntryPoint","urlTemplate":"https:\/\/iana.com.uy\/cfatest\/?s={search_term_string}"},"query-input":"required name=search_term_string"}],"inLanguage":"es"},{"@type":"Organization","@id":"https:\/\/iana.com.uy\/cfatest\/#organization","name":"CFA Society","url":"https:\/\/iana.com.uy\/cfatest\/","logo":{"@type":"ImageObject","inLanguage":"es","@id":"https:\/\/iana.com.uy\/cfatest\/#\/schema\/logo\/image\/","url":"http:\/\/localhost\/cfa\/wp-content\/uploads\/2019\/07\/logo.png","contentUrl":"http:\/\/localhost\/cfa\/wp-content\/uploads\/2019\/07\/logo.png","width":500,"height":146,"caption":"CFA Society"},"image":{"@id":"https:\/\/iana.com.uy\/cfatest\/#\/schema\/logo\/image\/"},"sameAs":["https:\/\/www.facebook.com\/cfasocietyuruguay","https:\/\/twitter.com\/CFA_URU","https:\/\/www.instagram.com\/cfasocietyuruguay\/","https:\/\/www.linkedin.com\/company\/cfa-society-uruguay\/","https:\/\/www.youtube.com\/channel\/UCOCPlWClIZ4w1C5f_hhmIgg"]}]}},"_links":{"self":[{"href":"https:\/\/iana.com.uy\/cfatest\/wp-json\/wp\/v2\/pages\/130"}],"collection":[{"href":"https:\/\/iana.com.uy\/cfatest\/wp-json\/wp\/v2\/pages"}],"about":[{"href":"https:\/\/iana.com.uy\/cfatest\/wp-json\/wp\/v2\/types\/page"}],"author":[{"embeddable":true,"href":"https:\/\/iana.com.uy\/cfatest\/wp-json\/wp\/v2\/users\/1"}],"replies":[{"embeddable":true,"href":"https:\/\/iana.com.uy\/cfatest\/wp-json\/wp\/v2\/comments?post=130"}],"version-history":[{"count":20,"href":"https:\/\/iana.com.uy\/cfatest\/wp-json\/wp\/v2\/pages\/130\/revisions"}],"predecessor-version":[{"id":2119,"href":"https:\/\/iana.com.uy\/cfatest\/wp-json\/wp\/v2\/pages\/130\/revisions\/2119"}],"wp:attachment":[{"href":"https:\/\/iana.com.uy\/cfatest\/wp-json\/wp\/v2\/media?parent=130"}],"curies":[{"name":"wp","href":"https:\/\/api.w.org\/{rel}","templated":true}]}}