{"id":124,"date":"2018-06-27T19:05:17","date_gmt":"2018-06-27T19:05:17","guid":{"rendered":"https:\/\/iana.com.uy\/cfatest\/\/?page_id=122"},"modified":"2024-05-15T21:57:17","modified_gmt":"2024-05-15T21:57:17","slug":"sobre-nosotros","status":"publish","type":"page","link":"https:\/\/iana.com.uy\/cfatest\/sobre-nosotros\/","title":{"rendered":"Sobre Nosotros"},"content":{"rendered":"<div class=\"gb-container gb-container-e65eb593\">\n<div class=\"gb-container gb-container-0de61288\">\n<div class=\"gb-grid-wrapper gb-grid-wrapper-d1af4dab\">\n<div class=\"gb-grid-column gb-grid-column-2058e7a1\"><div class=\"gb-container gb-container-2058e7a1\">\n\n<p>Somos un grupo de 120 profesionales de inversi\u00f3n uruguayos comprometidos a promover los m\u00e1s altos est\u00e1ndares \u00e9ticos, fomentar la educaci\u00f3n financiera y la excelencia profesional para el beneficio de la sociedad en su conjunto.<\/p>\n\n\n<div class=\"gb-container gb-container-7636f506\"><\/div>\n\n\n<p>Nuestra historia comenz\u00f3 en el 2001\u2013 cuando unos pocos uruguayos sentamos las bases de lo que luego fue CFA Society Argentina &amp; Uruguay. Hoy, despu\u00e9s de casi un a\u00f1o de trabajo arduo anunciamos la formaci\u00f3n de nuestra sociedad local, CFA Society Uruguay.<\/p>\n\n\n<div class=\"gb-container gb-container-61edf96b\"><\/div>\n\n\n<a class=\"gb-button gb-button-ddc7f47e gb-button-text\" href=\"mailto:contact@cfauruguay.com\">Cont\u00e1ctenos<\/a>\n\n<\/div><\/div>\n\n<div class=\"gb-grid-column gb-grid-column-f9ab43de\"><div class=\"gb-container gb-container-f9ab43de\">\n\n<h1 class=\"gb-headline gb-headline-32b9105d gb-headline-text\">Acerca de CFA Institute<\/h1>\n\n\n\n<p>CFA es una institucion global, sin fines de lucro que re\u00fane analistas financieros, gestores de portafolios y otros profesionales de la industria financiera.<\/p>\n\n\n<div class=\"gb-container gb-container-9ee300ac\"><\/div>\n\n<div class=\"gb-container gb-container-9b856254\">\n\n<p class=\"has-primary-color has-text-color has-link-color wp-elements-ec40a6c2f0f6060c71b9dbb0866fd376\"><a href=\"https:\/\/www.cfainstitute.org\/en\/about\" target=\"_blank\" rel=\"noreferrer noopener\"><strong>Acerca del CFA Institute<br><\/strong><\/a><a href=\"https:\/\/www.cfainstitute.org\/en\/about\/vision\" target=\"_blank\" rel=\"noreferrer noopener\"><strong>CFA Institute \u2013 Misi\u00f3n<br><\/strong><\/a><a href=\"https:\/\/www.cfainstitute.org\/about\/governance\/committees\" target=\"_blank\" rel=\"noreferrer noopener\"><strong>CFA Institute \u2013 Directorio y Comit\u00e9s<br><\/strong><\/a><a href=\"https:\/\/www.cfainstitute.org\/en\/utility\/contact-us\" target=\"_blank\" rel=\"noreferrer noopener\"><strong>Contactar CFA Institute<\/strong><\/a><\/p>\n\n<\/div>\n<\/div><\/div>\n<\/div>\n<\/div>\n<\/div>","protected":false},"excerpt":{"rendered":"","protected":false},"author":1,"featured_media":0,"parent":0,"menu_order":0,"comment_status":"closed","ping_status":"closed","template":"page-about-us.php","meta":{"_acf_changed":false,"footnotes":""},"acf":[],"yoast_head":"<!-- This site is optimized with the Yoast SEO plugin v22.4 - https:\/\/yoast.com\/wordpress\/plugins\/seo\/ -->\n<title>Sobre Nosotros - CFA Society Uruguay<\/title>\n<meta name=\"robots\" content=\"index, follow, max-snippet:-1, max-image-preview:large, max-video-preview:-1\" \/>\n<link rel=\"canonical\" href=\"https:\/\/iana.com.uy\/cfatest\/sobre-nosotros\/\" \/>\n<meta property=\"og:locale\" content=\"es_ES\" \/>\n<meta property=\"og:type\" content=\"article\" \/>\n<meta property=\"og:title\" content=\"Sobre Nosotros - CFA Society Uruguay\" \/>\n<meta property=\"og:url\" content=\"https:\/\/iana.com.uy\/cfatest\/sobre-nosotros\/\" \/>\n<meta property=\"og:site_name\" content=\"CFA Society Uruguay\" \/>\n<meta property=\"article:publisher\" content=\"https:\/\/www.facebook.com\/cfasocietyuruguay\" \/>\n<meta property=\"article:modified_time\" content=\"2024-05-15T21:57:17+00:00\" \/>\n<meta name=\"twitter:card\" content=\"summary_large_image\" \/>\n<meta name=\"twitter:site\" content=\"@CFA_URU\" \/>\n<meta name=\"twitter:label1\" content=\"Tiempo de lectura\" \/>\n\t<meta name=\"twitter:data1\" content=\"1 minuto\" \/>\n<script type=\"application\/ld+json\" class=\"yoast-schema-graph\">{\"@context\":\"https:\/\/schema.org\",\"@graph\":[{\"@type\":\"WebPage\",\"@id\":\"https:\/\/iana.com.uy\/cfatest\/sobre-nosotros\/\",\"url\":\"https:\/\/iana.com.uy\/cfatest\/sobre-nosotros\/\",\"name\":\"Sobre Nosotros - CFA Society Uruguay\",\"isPartOf\":{\"@id\":\"https:\/\/iana.com.uy\/cfatest\/#website\"},\"datePublished\":\"2018-06-27T19:05:17+00:00\",\"dateModified\":\"2024-05-15T21:57:17+00:00\",\"breadcrumb\":{\"@id\":\"https:\/\/iana.com.uy\/cfatest\/sobre-nosotros\/#breadcrumb\"},\"inLanguage\":\"es\",\"potentialAction\":[{\"@type\":\"ReadAction\",\"target\":[\"https:\/\/iana.com.uy\/cfatest\/sobre-nosotros\/\"]}]},{\"@type\":\"BreadcrumbList\",\"@id\":\"https:\/\/iana.com.uy\/cfatest\/sobre-nosotros\/#breadcrumb\",\"itemListElement\":[{\"@type\":\"ListItem\",\"position\":1,\"name\":\"Portada\",\"item\":\"https:\/\/iana.com.uy\/cfatest\/es\/\"},{\"@type\":\"ListItem\",\"position\":2,\"name\":\"Sobre Nosotros\"}]},{\"@type\":\"WebSite\",\"@id\":\"https:\/\/iana.com.uy\/cfatest\/#website\",\"url\":\"https:\/\/iana.com.uy\/cfatest\/\",\"name\":\"CFA Society Uruguay\",\"description\":\"CFA Society Uruguay\",\"publisher\":{\"@id\":\"https:\/\/iana.com.uy\/cfatest\/#organization\"},\"potentialAction\":[{\"@type\":\"SearchAction\",\"target\":{\"@type\":\"EntryPoint\",\"urlTemplate\":\"https:\/\/iana.com.uy\/cfatest\/?s={search_term_string}\"},\"query-input\":\"required name=search_term_string\"}],\"inLanguage\":\"es\"},{\"@type\":\"Organization\",\"@id\":\"https:\/\/iana.com.uy\/cfatest\/#organization\",\"name\":\"CFA Society\",\"url\":\"https:\/\/iana.com.uy\/cfatest\/\",\"logo\":{\"@type\":\"ImageObject\",\"inLanguage\":\"es\",\"@id\":\"https:\/\/iana.com.uy\/cfatest\/#\/schema\/logo\/image\/\",\"url\":\"http:\/\/localhost\/cfa\/wp-content\/uploads\/2019\/07\/logo.png\",\"contentUrl\":\"http:\/\/localhost\/cfa\/wp-content\/uploads\/2019\/07\/logo.png\",\"width\":500,\"height\":146,\"caption\":\"CFA Society\"},\"image\":{\"@id\":\"https:\/\/iana.com.uy\/cfatest\/#\/schema\/logo\/image\/\"},\"sameAs\":[\"https:\/\/www.facebook.com\/cfasocietyuruguay\",\"https:\/\/twitter.com\/CFA_URU\",\"https:\/\/www.instagram.com\/cfasocietyuruguay\/\",\"https:\/\/www.linkedin.com\/company\/cfa-society-uruguay\/\",\"https:\/\/www.youtube.com\/channel\/UCOCPlWClIZ4w1C5f_hhmIgg\"]}]}<\/script>\n<!-- \/ Yoast SEO plugin. -->","yoast_head_json":{"title":"Sobre Nosotros - CFA Society Uruguay","robots":{"index":"index","follow":"follow","max-snippet":"max-snippet:-1","max-image-preview":"max-image-preview:large","max-video-preview":"max-video-preview:-1"},"canonical":"https:\/\/iana.com.uy\/cfatest\/sobre-nosotros\/","og_locale":"es_ES","og_type":"article","og_title":"Sobre Nosotros - CFA Society Uruguay","og_url":"https:\/\/iana.com.uy\/cfatest\/sobre-nosotros\/","og_site_name":"CFA Society Uruguay","article_publisher":"https:\/\/www.facebook.com\/cfasocietyuruguay","article_modified_time":"2024-05-15T21:57:17+00:00","twitter_card":"summary_large_image","twitter_site":"@CFA_URU","twitter_misc":{"Tiempo de lectura":"1 minuto"},"schema":{"@context":"https:\/\/schema.org","@graph":[{"@type":"WebPage","@id":"https:\/\/iana.com.uy\/cfatest\/sobre-nosotros\/","url":"https:\/\/iana.com.uy\/cfatest\/sobre-nosotros\/","name":"Sobre Nosotros - CFA Society Uruguay","isPartOf":{"@id":"https:\/\/iana.com.uy\/cfatest\/#website"},"datePublished":"2018-06-27T19:05:17+00:00","dateModified":"2024-05-15T21:57:17+00:00","breadcrumb":{"@id":"https:\/\/iana.com.uy\/cfatest\/sobre-nosotros\/#breadcrumb"},"inLanguage":"es","potentialAction":[{"@type":"ReadAction","target":["https:\/\/iana.com.uy\/cfatest\/sobre-nosotros\/"]}]},{"@type":"BreadcrumbList","@id":"https:\/\/iana.com.uy\/cfatest\/sobre-nosotros\/#breadcrumb","itemListElement":[{"@type":"ListItem","position":1,"name":"Portada","item":"https:\/\/iana.com.uy\/cfatest\/es\/"},{"@type":"ListItem","position":2,"name":"Sobre Nosotros"}]},{"@type":"WebSite","@id":"https:\/\/iana.com.uy\/cfatest\/#website","url":"https:\/\/iana.com.uy\/cfatest\/","name":"CFA Society Uruguay","description":"CFA Society Uruguay","publisher":{"@id":"https:\/\/iana.com.uy\/cfatest\/#organization"},"potentialAction":[{"@type":"SearchAction","target":{"@type":"EntryPoint","urlTemplate":"https:\/\/iana.com.uy\/cfatest\/?s={search_term_string}"},"query-input":"required name=search_term_string"}],"inLanguage":"es"},{"@type":"Organization","@id":"https:\/\/iana.com.uy\/cfatest\/#organization","name":"CFA Society","url":"https:\/\/iana.com.uy\/cfatest\/","logo":{"@type":"ImageObject","inLanguage":"es","@id":"https:\/\/iana.com.uy\/cfatest\/#\/schema\/logo\/image\/","url":"http:\/\/localhost\/cfa\/wp-content\/uploads\/2019\/07\/logo.png","contentUrl":"http:\/\/localhost\/cfa\/wp-content\/uploads\/2019\/07\/logo.png","width":500,"height":146,"caption":"CFA Society"},"image":{"@id":"https:\/\/iana.com.uy\/cfatest\/#\/schema\/logo\/image\/"},"sameAs":["https:\/\/www.facebook.com\/cfasocietyuruguay","https:\/\/twitter.com\/CFA_URU","https:\/\/www.instagram.com\/cfasocietyuruguay\/","https:\/\/www.linkedin.com\/company\/cfa-society-uruguay\/","https:\/\/www.youtube.com\/channel\/UCOCPlWClIZ4w1C5f_hhmIgg"]}]}},"_links":{"self":[{"href":"https:\/\/iana.com.uy\/cfatest\/wp-json\/wp\/v2\/pages\/124"}],"collection":[{"href":"https:\/\/iana.com.uy\/cfatest\/wp-json\/wp\/v2\/pages"}],"about":[{"href":"https:\/\/iana.com.uy\/cfatest\/wp-json\/wp\/v2\/types\/page"}],"author":[{"embeddable":true,"href":"https:\/\/iana.com.uy\/cfatest\/wp-json\/wp\/v2\/users\/1"}],"replies":[{"embeddable":true,"href":"https:\/\/iana.com.uy\/cfatest\/wp-json\/wp\/v2\/comments?post=124"}],"version-history":[{"count":29,"href":"https:\/\/iana.com.uy\/cfatest\/wp-json\/wp\/v2\/pages\/124\/revisions"}],"predecessor-version":[{"id":2081,"href":"https:\/\/iana.com.uy\/cfatest\/wp-json\/wp\/v2\/pages\/124\/revisions\/2081"}],"wp:attachment":[{"href":"https:\/\/iana.com.uy\/cfatest\/wp-json\/wp\/v2\/media?parent=124"}],"curies":[{"name":"wp","href":"https:\/\/api.w.org\/{rel}","templated":true}]}}