{"id":1128,"date":"2022-05-11T15:05:44","date_gmt":"2022-05-11T15:05:44","guid":{"rendered":"https:\/\/iana.com.uy\/cfatest\/?page_id=1128"},"modified":"2023-11-28T19:30:23","modified_gmt":"2023-11-28T19:30:23","slug":"podcast","status":"publish","type":"page","link":"https:\/\/iana.com.uy\/cfatest\/podcast\/","title":{"rendered":"Podcast"},"content":{"rendered":"<div class=\"page\" title=\"Page 1\">\n<div class=\"layoutArea\">\n<div class=\"column\">\n<div class=\"page\" title=\"Page 1\">\n<div class=\"layoutArea\">\n<p><iframe title=\"Spotify Embed: 7.5 ESG: Armado de portafolios de inversi\u00f3n\" style=\"border-radius: 12px\" width=\"100%\" height=\"152\" frameborder=\"0\" allowfullscreen allow=\"autoplay; clipboard-write; encrypted-media; fullscreen; picture-in-picture\" loading=\"lazy\" src=\"https:\/\/open.spotify.com\/embed\/episode\/1x4omADBPFpIYELaiqQCHt?si=94b79108a8ce4209&#038;utm_source=oembed\"><\/iframe><\/p>\n<p><iframe title=\"Spotify Embed: 7.4 ESG: Sector privado\" style=\"border-radius: 12px\" width=\"100%\" height=\"152\" frameborder=\"0\" allowfullscreen allow=\"autoplay; clipboard-write; encrypted-media; fullscreen; picture-in-picture\" loading=\"lazy\" src=\"https:\/\/open.spotify.com\/embed\/episode\/0bbORPQfrJfBpRvnh7mpPp?si=dRdNX58nTe6Uw9RihPAhBg&#038;utm_source=oembed\"><\/iframe><\/p>\n<p><iframe title=\"Spotify Embed: 7.3 ESG: El rol de los organismos multilaterales\" style=\"border-radius: 12px\" width=\"100%\" height=\"152\" frameborder=\"0\" allowfullscreen allow=\"autoplay; clipboard-write; encrypted-media; fullscreen; picture-in-picture\" loading=\"lazy\" src=\"https:\/\/open.spotify.com\/embed\/episode\/0XiQ6QGKUwVEerHWuFMK9z?si=Tlzo1AQoR8-jIW6PeM1dfQ&#038;utm_source=oembed\"><\/iframe><\/p>\n<p><iframe title=\"Spotify Embed: 7.2 ESG: Bono indexado a indicadores de cambio clim\u00e1tico\" style=\"border-radius: 12px\" width=\"100%\" height=\"152\" frameborder=\"0\" allowfullscreen allow=\"autoplay; clipboard-write; encrypted-media; fullscreen; picture-in-picture\" loading=\"lazy\" src=\"https:\/\/open.spotify.com\/embed\/episode\/7H7yoHSMVNIX2LiMtHRyOA?si=ORtJFXYeQxueKKy5yq2ogw&#038;utm_source=oembed\"><\/iframe><\/p>\n<p><iframe title=\"Spotify Embed: 7.1 ESG: Conceptos generales\" style=\"border-radius: 12px\" width=\"100%\" height=\"152\" frameborder=\"0\" allowfullscreen allow=\"autoplay; clipboard-write; encrypted-media; fullscreen; picture-in-picture\" loading=\"lazy\" src=\"https:\/\/open.spotify.com\/embed\/episode\/0LGzCLLjFtdhG2a6ENcjWy?si=vE0uhE2uQPCWXwobNwW-gQ&#038;utm_source=oembed\"><\/iframe><\/p>\n<p><iframe title=\"Spotify Embed: 6.2 Finanzas conductuales: Gen Z e inversiones\" style=\"border-radius: 12px\" width=\"100%\" height=\"152\" frameborder=\"0\" allowfullscreen allow=\"autoplay; clipboard-write; encrypted-media; fullscreen; picture-in-picture\" loading=\"lazy\" src=\"https:\/\/open.spotify.com\/embed\/episode\/0S7dOM0EpKLUSceEL7rTR1?si=JGaTl3mXTuG11vUPdWMIRQ&#038;utm_source=oembed&#038;utm_medium=copy-link&#038;_branch_match_id=1240728439017463230&#038;_branch_referrer=H4sIAAAAAAAAA8soKSkottLXLy7IL8lMq9TLyczL1i%2F3DHJ3NvfL83dJAgDsaHNDIAAAAA%3D%3D&#038;nd=1\"><\/iframe><\/p>\n<p><iframe title=\"Spotify Embed: 6.1 Finanzas conductuales: Emociones vs resultados financieros \" style=\"border-radius: 12px\" width=\"100%\" height=\"152\" frameborder=\"0\" allowfullscreen allow=\"autoplay; clipboard-write; encrypted-media; fullscreen; picture-in-picture\" loading=\"lazy\" src=\"https:\/\/open.spotify.com\/embed\/episode\/2kooSaZfj459R1cPpqqYvr?si=nBYIN4a8RqqAoh9UVqBJuQ&#038;utm_source=oembed\"><\/iframe><\/p>\n<p><iframe title=\"Spotify Embed: 5.4 Gesti\u00f3n de portafolio: Perspectiva local\" style=\"border-radius: 12px\" width=\"100%\" height=\"152\" frameborder=\"0\" allowfullscreen allow=\"autoplay; clipboard-write; encrypted-media; fullscreen; picture-in-picture\" loading=\"lazy\" src=\"https:\/\/open.spotify.com\/embed\/episode\/4sQEgdzWi2WBk0b2HsUn41?si=y-uTNVgySEa9SPud1fAQrg&#038;utm_source=oembed\"><\/iframe><\/p>\n<p><iframe title=\"Spotify Embed: 5.3 Gesti\u00f3n de portafolio: Asignaci\u00f3n de activos y medici\u00f3n de rendimientos\" style=\"border-radius: 12px\" width=\"100%\" height=\"152\" frameborder=\"0\" allowfullscreen allow=\"autoplay; clipboard-write; encrypted-media; fullscreen; picture-in-picture\" loading=\"lazy\" src=\"https:\/\/open.spotify.com\/embed\/episode\/59LKdH1ZeTsR1wZNXtYUF1?si=VXvQVLkWTJGKilyK29P4dA&#038;utm_source=oembed\"><\/iframe><\/p>\n<p><iframe title=\"Spotify Embed: 5.2 Gesti\u00f3n de portafolio: Perfil de inversor\" style=\"border-radius: 12px\" width=\"100%\" height=\"152\" frameborder=\"0\" allowfullscreen allow=\"autoplay; clipboard-write; encrypted-media; fullscreen; picture-in-picture\" loading=\"lazy\" src=\"https:\/\/open.spotify.com\/embed\/episode\/4EEDaTYCxnsrrlKJ23B4JO?si=vICCcJOQRqCiYVQpu82qzA&#038;utm_source=oembed\"><\/iframe><\/p>\n<p><iframe title=\"Spotify Embed: 5.1 Gesti\u00f3n de portafolio: Asignaci\u00f3n de activos y IPS\" style=\"border-radius: 12px\" width=\"100%\" height=\"152\" frameborder=\"0\" allowfullscreen allow=\"autoplay; clipboard-write; encrypted-media; fullscreen; picture-in-picture\" loading=\"lazy\" src=\"https:\/\/open.spotify.com\/embed\/episode\/7aKL1vV9IIdKllj6Ih8e9I?si=19sEnoxxTG-RzUjJWyU5ZQ&#038;utm_source=oembed\"><\/iframe><\/p>\n<p><iframe title=\"Spotify Embed: 4.4. Reforma previsional: principales caracter\u00edsticas\" style=\"border-radius: 12px\" width=\"100%\" height=\"152\" frameborder=\"0\" allowfullscreen allow=\"autoplay; clipboard-write; encrypted-media; fullscreen; picture-in-picture\" loading=\"lazy\" src=\"https:\/\/open.spotify.com\/embed\/episode\/2Uhpw2UI8XL4NRSNAuuZuE?si=cTR4gj6IRCW05VdULnVQJw&#038;utm_source=oembed\"><\/iframe><\/p>\n<p><iframe title=\"Spotify Embed: 4.3. Sistema previsional uruguayo: \u00bfPor qu\u00e9 es tan dif\u00edcil realizar una reforma y que se necesita para lograrla?\" style=\"border-radius: 12px\" width=\"100%\" height=\"152\" frameborder=\"0\" allowfullscreen allow=\"autoplay; clipboard-write; encrypted-media; fullscreen; picture-in-picture\" loading=\"lazy\" src=\"https:\/\/open.spotify.com\/embed\/episode\/2JgmcX5znTnDxOuZqPtll0?si=FqDsxZrITru3r0VAkf9FtA&#038;utm_source=oembed\"><\/iframe><\/p>\n<p><iframe title=\"Spotify Embed: 4.2: Sistema Previsional Uruguayo: \u00bfPor qu\u00e9 es necesaria una reforma y qu\u00e9 esperar de ella?\" style=\"border-radius: 12px\" width=\"100%\" height=\"152\" frameborder=\"0\" allowfullscreen allow=\"autoplay; clipboard-write; encrypted-media; fullscreen; picture-in-picture\" loading=\"lazy\" src=\"https:\/\/open.spotify.com\/embed\/episode\/5xJJQUcBmOj93EZb9VbESy?si=5kki7qJ3QpibKKqM3IMeJg&#038;utm_source=oembed\"><\/iframe><\/p>\n<p><iframe title=\"Spotify Embed: 4.1 El sistema previsional uruguayo: sistema actual y la b\u00fasqueda de la reforma posible\" style=\"border-radius: 12px\" width=\"100%\" height=\"152\" frameborder=\"0\" allowfullscreen allow=\"autoplay; clipboard-write; encrypted-media; fullscreen; picture-in-picture\" loading=\"lazy\" src=\"https:\/\/open.spotify.com\/embed\/episode\/1jjpccJKZO7etbpcn5AgzJ?si=-O3Owdn3TWGoi0uSS17-aw&#038;utm_source=oembed\"><\/iframe><\/p>\n<p><iframe title=\"Spotify Embed: 3.5 Riesgo y rentabilidad: inversi\u00f3n en el mercado inmobiliario\" style=\"border-radius: 12px\" width=\"100%\" height=\"152\" frameborder=\"0\" allowfullscreen allow=\"autoplay; clipboard-write; encrypted-media; fullscreen; picture-in-picture\" loading=\"lazy\" src=\"https:\/\/open.spotify.com\/embed\/episode\/3TkDhDlQj09En8LEvQ3rrA?si=psIdVgn3TOyv5ABhaWJEWA&#038;utm_source=oembed\"><\/iframe><\/p>\n<p><iframe title=\"Spotify Embed: 3.4 Riesgo y Rentabilidad: instrumentos de inversi\u00f3n en el mercado local\" style=\"border-radius: 12px\" width=\"100%\" height=\"152\" frameborder=\"0\" allowfullscreen allow=\"autoplay; clipboard-write; encrypted-media; fullscreen; picture-in-picture\" loading=\"lazy\" src=\"https:\/\/open.spotify.com\/embed\/episode\/3Y2BzySkdrEyjt6yYbdP9k?si=vracXPPnT1SQ7D3jzgjY8w&#038;utm_source=oembed\"><\/iframe><\/p>\n<\/div>\n<\/div>\n<\/div>\n<\/div>\n<\/div>\n<p><iframe title=\"Spotify Embed: 3.3 Riesgo y rentabilidad: La visi\u00f3n del regulador\" style=\"border-radius: 12px\" width=\"100%\" height=\"152\" frameborder=\"0\" allowfullscreen allow=\"autoplay; clipboard-write; encrypted-media; fullscreen; picture-in-picture\" loading=\"lazy\" src=\"https:\/\/open.spotify.com\/embed\/episode\/3GUz9Pa6PHWp0fiiwl0XzC?si=G14UrllPQ72oe4t5lhaEpA&#038;utm_source=oembed\"><\/iframe><\/p>\n<p><iframe title=\"Spotify Embed: 3.2 Riesgo y rentabilidad: Historia de los modelos para incorporar la incertidumbre\" style=\"border-radius: 12px\" width=\"100%\" height=\"152\" frameborder=\"0\" allowfullscreen allow=\"autoplay; clipboard-write; encrypted-media; fullscreen; picture-in-picture\" loading=\"lazy\" src=\"https:\/\/open.spotify.com\/embed\/episode\/6huHhQ5lsg1DpoXjizl7Cc?si=txwz2SQzTgyWuSqEjaXlew&#038;utm_source=oembed\"><\/iframe><\/p>\n<p><iframe title=\"Spotify Embed: 3.1 Riesgo y Rentabilidad: Conceptos Generales\" style=\"border-radius: 12px\" width=\"100%\" height=\"152\" frameborder=\"0\" allowfullscreen allow=\"autoplay; clipboard-write; encrypted-media; fullscreen; picture-in-picture\" loading=\"lazy\" src=\"https:\/\/open.spotify.com\/embed\/episode\/2KdCguaS8yU4XEDCTf9G0k?si=sV9sistOQhCY5mtsCefXmQ&#038;utm_source=oembed\"><\/iframe><\/p>\n<p><iframe title=\"Spotify Embed: 2.4 CRIPTOACTIVOS: Activos digitales como instrumentos de inversi\u00f3n\" style=\"border-radius: 12px\" width=\"100%\" height=\"152\" frameborder=\"0\" allowfullscreen allow=\"autoplay; clipboard-write; encrypted-media; fullscreen; picture-in-picture\" loading=\"lazy\" src=\"https:\/\/open.spotify.com\/embed\/episode\/2eQzt4XTE8549yyJntuv3T?si=ZO4UlYZvSwyKp7Z3MHwkSg&#038;utm_source=oembed\"><\/iframe><\/p>\n<p><iframe title=\"Spotify Embed: 2.3 Criptoactivos: Marco Legal y NFTs\" style=\"border-radius: 12px\" width=\"100%\" height=\"152\" frameborder=\"0\" allowfullscreen allow=\"autoplay; clipboard-write; encrypted-media; fullscreen; picture-in-picture\" loading=\"lazy\" src=\"https:\/\/open.spotify.com\/embed\/episode\/5y68HBnE6PtxmE4e2InXMU?si=y3-rFG8hSem5BW9RJnaPdg&#038;utm_source=oembed\"><\/iframe><\/p>\n<p><iframe title=\"Spotify Embed: 2.2 CRIPTOACTIVOS: C\u00f3mo acceder al mercado\" style=\"border-radius: 12px\" width=\"100%\" height=\"152\" frameborder=\"0\" allowfullscreen allow=\"autoplay; clipboard-write; encrypted-media; fullscreen; picture-in-picture\" loading=\"lazy\" src=\"https:\/\/open.spotify.com\/embed\/episode\/6orGqWtOT78hdNeIYo0aPg?si=G6Ylp_8iTW6_AJ1FmRYCjA&#038;utm_source=oembed\"><\/iframe><\/p>\n<p><iframe title=\"Spotify Embed: 2.1 CRIPTOACTIVOS: Tecnologia blockchain y sus implicancias\" style=\"border-radius: 12px\" width=\"100%\" height=\"152\" frameborder=\"0\" allowfullscreen allow=\"autoplay; clipboard-write; encrypted-media; fullscreen; picture-in-picture\" loading=\"lazy\" src=\"https:\/\/open.spotify.com\/embed\/episode\/7uNzdw9ShTT9x653tJfbNl?si=orDYKWdYSOiytwiLjhBV4Q&#038;utm_source=oembed\"><\/iframe><\/p>\n<p><iframe title=\"Spotify Embed: 1.5 Panorama internacional\" style=\"border-radius: 12px\" width=\"100%\" height=\"152\" frameborder=\"0\" allowfullscreen allow=\"autoplay; clipboard-write; encrypted-media; fullscreen; picture-in-picture\" loading=\"lazy\" src=\"https:\/\/open.spotify.com\/embed\/episode\/6BKF5CIdvChnK6z3qaXvff?si=blwS7ZbqRaCFmEOICeImlg&#038;utm_source=oembed\"><\/iframe><\/p>\n<p><iframe title=\"Spotify Embed: 1.4 Inflaci\u00f3n: las herramientas del Banco Central\" style=\"border-radius: 12px\" width=\"100%\" height=\"152\" frameborder=\"0\" allowfullscreen allow=\"autoplay; clipboard-write; encrypted-media; fullscreen; picture-in-picture\" loading=\"lazy\" src=\"https:\/\/open.spotify.com\/embed\/episode\/2LSoNhKHcV4OtcaaprnWNz?si=npcLxDFxSMmgmCvyC9vtLg&#038;utm_source=oembed\"><\/iframe><\/p>\n<p><iframe title=\"Spotify Embed: 1.3 Una mirada regional a la inflaci\u00f3n\" style=\"border-radius: 12px\" width=\"100%\" height=\"152\" frameborder=\"0\" allowfullscreen allow=\"autoplay; clipboard-write; encrypted-media; fullscreen; picture-in-picture\" loading=\"lazy\" src=\"https:\/\/open.spotify.com\/embed\/episode\/4Z4DNkb4e5gARf68sNVhDS?si=GkrgmOZbS4SFAAQfqmqIbg&#038;utm_source=oembed\"><\/iframe><\/p>\n<p><iframe title=\"Spotify Embed: 1.2 Inflaci\u00f3n: contexto hist\u00f3rico\" style=\"border-radius: 12px\" width=\"100%\" height=\"152\" frameborder=\"0\" allowfullscreen allow=\"autoplay; clipboard-write; encrypted-media; fullscreen; picture-in-picture\" loading=\"lazy\" src=\"https:\/\/open.spotify.com\/embed\/episode\/6fuUv92KvKQciPu7IHWsWr?si=cE05C8XNRwWLA3cF0IWJHw&#038;utm_source=oembed\"><\/iframe><\/p>\n<p><iframe title=\"Spotify Embed: 1.1 Entendiendo el concepto de inflaci\u00f3n\" style=\"border-radius: 12px\" width=\"100%\" height=\"152\" frameborder=\"0\" allowfullscreen allow=\"autoplay; clipboard-write; encrypted-media; fullscreen; picture-in-picture\" loading=\"lazy\" src=\"https:\/\/open.spotify.com\/embed\/episode\/5P5OWLjm1xtVVTuX5cORKt?si=KWtv1j9cTPyaOxFjGz5rtQ&#038;utm_source=oembed\"><\/iframe><\/p>\n<p><iframe title=\"Spotify Embed: C\u00f3digo Financiero, el podcast de CFA Society Uruguay\" style=\"border-radius: 12px\" width=\"100%\" height=\"152\" frameborder=\"0\" allowfullscreen allow=\"autoplay; clipboard-write; encrypted-media; fullscreen; picture-in-picture\" loading=\"lazy\" src=\"https:\/\/open.spotify.com\/embed\/episode\/22huvgs5RuFGje5MxZnqOb?si=qaJLXV81SA6DluwiWo9dLw&#038;utm_source=oembed\"><\/iframe><\/p>\n","protected":false},"excerpt":{"rendered":"","protected":false},"author":2,"featured_media":0,"parent":0,"menu_order":0,"comment_status":"closed","ping_status":"closed","template":"","meta":{"_acf_changed":false,"footnotes":""},"acf":[],"yoast_head":"<!-- This site is optimized with the Yoast SEO plugin v22.4 - https:\/\/yoast.com\/wordpress\/plugins\/seo\/ -->\n<title>Podcast - CFA Society Uruguay<\/title>\n<meta name=\"robots\" content=\"index, follow, max-snippet:-1, max-image-preview:large, max-video-preview:-1\" \/>\n<link rel=\"canonical\" href=\"https:\/\/iana.com.uy\/cfatest\/podcast\/\" \/>\n<meta property=\"og:locale\" content=\"es_ES\" \/>\n<meta property=\"og:type\" content=\"article\" \/>\n<meta property=\"og:title\" content=\"Podcast - CFA Society Uruguay\" \/>\n<meta property=\"og:url\" content=\"https:\/\/iana.com.uy\/cfatest\/podcast\/\" \/>\n<meta property=\"og:site_name\" content=\"CFA Society Uruguay\" \/>\n<meta property=\"article:publisher\" content=\"https:\/\/www.facebook.com\/cfasocietyuruguay\" \/>\n<meta property=\"article:modified_time\" content=\"2023-11-28T19:30:23+00:00\" \/>\n<meta name=\"twitter:card\" content=\"summary_large_image\" \/>\n<meta name=\"twitter:site\" content=\"@CFA_URU\" \/>\n<meta name=\"twitter:label1\" content=\"Tiempo de lectura\" \/>\n\t<meta name=\"twitter:data1\" content=\"2 minutos\" \/>\n<script type=\"application\/ld+json\" class=\"yoast-schema-graph\">{\"@context\":\"https:\/\/schema.org\",\"@graph\":[{\"@type\":\"WebPage\",\"@id\":\"https:\/\/iana.com.uy\/cfatest\/podcast\/\",\"url\":\"https:\/\/iana.com.uy\/cfatest\/podcast\/\",\"name\":\"Podcast - CFA Society Uruguay\",\"isPartOf\":{\"@id\":\"https:\/\/iana.com.uy\/cfatest\/#website\"},\"datePublished\":\"2022-05-11T15:05:44+00:00\",\"dateModified\":\"2023-11-28T19:30:23+00:00\",\"breadcrumb\":{\"@id\":\"https:\/\/iana.com.uy\/cfatest\/podcast\/#breadcrumb\"},\"inLanguage\":\"es\",\"potentialAction\":[{\"@type\":\"ReadAction\",\"target\":[\"https:\/\/iana.com.uy\/cfatest\/podcast\/\"]}]},{\"@type\":\"BreadcrumbList\",\"@id\":\"https:\/\/iana.com.uy\/cfatest\/podcast\/#breadcrumb\",\"itemListElement\":[{\"@type\":\"ListItem\",\"position\":1,\"name\":\"Portada\",\"item\":\"https:\/\/iana.com.uy\/cfatest\/es\/\"},{\"@type\":\"ListItem\",\"position\":2,\"name\":\"Podcast\"}]},{\"@type\":\"WebSite\",\"@id\":\"https:\/\/iana.com.uy\/cfatest\/#website\",\"url\":\"https:\/\/iana.com.uy\/cfatest\/\",\"name\":\"CFA Society Uruguay\",\"description\":\"CFA Society Uruguay\",\"publisher\":{\"@id\":\"https:\/\/iana.com.uy\/cfatest\/#organization\"},\"potentialAction\":[{\"@type\":\"SearchAction\",\"target\":{\"@type\":\"EntryPoint\",\"urlTemplate\":\"https:\/\/iana.com.uy\/cfatest\/?s={search_term_string}\"},\"query-input\":\"required name=search_term_string\"}],\"inLanguage\":\"es\"},{\"@type\":\"Organization\",\"@id\":\"https:\/\/iana.com.uy\/cfatest\/#organization\",\"name\":\"CFA Society\",\"url\":\"https:\/\/iana.com.uy\/cfatest\/\",\"logo\":{\"@type\":\"ImageObject\",\"inLanguage\":\"es\",\"@id\":\"https:\/\/iana.com.uy\/cfatest\/#\/schema\/logo\/image\/\",\"url\":\"http:\/\/localhost\/cfa\/wp-content\/uploads\/2019\/07\/logo.png\",\"contentUrl\":\"http:\/\/localhost\/cfa\/wp-content\/uploads\/2019\/07\/logo.png\",\"width\":500,\"height\":146,\"caption\":\"CFA Society\"},\"image\":{\"@id\":\"https:\/\/iana.com.uy\/cfatest\/#\/schema\/logo\/image\/\"},\"sameAs\":[\"https:\/\/www.facebook.com\/cfasocietyuruguay\",\"https:\/\/twitter.com\/CFA_URU\",\"https:\/\/www.instagram.com\/cfasocietyuruguay\/\",\"https:\/\/www.linkedin.com\/company\/cfa-society-uruguay\/\",\"https:\/\/www.youtube.com\/channel\/UCOCPlWClIZ4w1C5f_hhmIgg\"]}]}<\/script>\n<!-- \/ Yoast SEO plugin. -->","yoast_head_json":{"title":"Podcast - CFA Society Uruguay","robots":{"index":"index","follow":"follow","max-snippet":"max-snippet:-1","max-image-preview":"max-image-preview:large","max-video-preview":"max-video-preview:-1"},"canonical":"https:\/\/iana.com.uy\/cfatest\/podcast\/","og_locale":"es_ES","og_type":"article","og_title":"Podcast - CFA Society Uruguay","og_url":"https:\/\/iana.com.uy\/cfatest\/podcast\/","og_site_name":"CFA Society Uruguay","article_publisher":"https:\/\/www.facebook.com\/cfasocietyuruguay","article_modified_time":"2023-11-28T19:30:23+00:00","twitter_card":"summary_large_image","twitter_site":"@CFA_URU","twitter_misc":{"Tiempo de lectura":"2 minutos"},"schema":{"@context":"https:\/\/schema.org","@graph":[{"@type":"WebPage","@id":"https:\/\/iana.com.uy\/cfatest\/podcast\/","url":"https:\/\/iana.com.uy\/cfatest\/podcast\/","name":"Podcast - CFA Society Uruguay","isPartOf":{"@id":"https:\/\/iana.com.uy\/cfatest\/#website"},"datePublished":"2022-05-11T15:05:44+00:00","dateModified":"2023-11-28T19:30:23+00:00","breadcrumb":{"@id":"https:\/\/iana.com.uy\/cfatest\/podcast\/#breadcrumb"},"inLanguage":"es","potentialAction":[{"@type":"ReadAction","target":["https:\/\/iana.com.uy\/cfatest\/podcast\/"]}]},{"@type":"BreadcrumbList","@id":"https:\/\/iana.com.uy\/cfatest\/podcast\/#breadcrumb","itemListElement":[{"@type":"ListItem","position":1,"name":"Portada","item":"https:\/\/iana.com.uy\/cfatest\/es\/"},{"@type":"ListItem","position":2,"name":"Podcast"}]},{"@type":"WebSite","@id":"https:\/\/iana.com.uy\/cfatest\/#website","url":"https:\/\/iana.com.uy\/cfatest\/","name":"CFA Society Uruguay","description":"CFA Society Uruguay","publisher":{"@id":"https:\/\/iana.com.uy\/cfatest\/#organization"},"potentialAction":[{"@type":"SearchAction","target":{"@type":"EntryPoint","urlTemplate":"https:\/\/iana.com.uy\/cfatest\/?s={search_term_string}"},"query-input":"required name=search_term_string"}],"inLanguage":"es"},{"@type":"Organization","@id":"https:\/\/iana.com.uy\/cfatest\/#organization","name":"CFA Society","url":"https:\/\/iana.com.uy\/cfatest\/","logo":{"@type":"ImageObject","inLanguage":"es","@id":"https:\/\/iana.com.uy\/cfatest\/#\/schema\/logo\/image\/","url":"http:\/\/localhost\/cfa\/wp-content\/uploads\/2019\/07\/logo.png","contentUrl":"http:\/\/localhost\/cfa\/wp-content\/uploads\/2019\/07\/logo.png","width":500,"height":146,"caption":"CFA Society"},"image":{"@id":"https:\/\/iana.com.uy\/cfatest\/#\/schema\/logo\/image\/"},"sameAs":["https:\/\/www.facebook.com\/cfasocietyuruguay","https:\/\/twitter.com\/CFA_URU","https:\/\/www.instagram.com\/cfasocietyuruguay\/","https:\/\/www.linkedin.com\/company\/cfa-society-uruguay\/","https:\/\/www.youtube.com\/channel\/UCOCPlWClIZ4w1C5f_hhmIgg"]}]}},"_links":{"self":[{"href":"https:\/\/iana.com.uy\/cfatest\/wp-json\/wp\/v2\/pages\/1128"}],"collection":[{"href":"https:\/\/iana.com.uy\/cfatest\/wp-json\/wp\/v2\/pages"}],"about":[{"href":"https:\/\/iana.com.uy\/cfatest\/wp-json\/wp\/v2\/types\/page"}],"author":[{"embeddable":true,"href":"https:\/\/iana.com.uy\/cfatest\/wp-json\/wp\/v2\/users\/2"}],"replies":[{"embeddable":true,"href":"https:\/\/iana.com.uy\/cfatest\/wp-json\/wp\/v2\/comments?post=1128"}],"version-history":[{"count":33,"href":"https:\/\/iana.com.uy\/cfatest\/wp-json\/wp\/v2\/pages\/1128\/revisions"}],"predecessor-version":[{"id":1712,"href":"https:\/\/iana.com.uy\/cfatest\/wp-json\/wp\/v2\/pages\/1128\/revisions\/1712"}],"wp:attachment":[{"href":"https:\/\/iana.com.uy\/cfatest\/wp-json\/wp\/v2\/media?parent=1128"}],"curies":[{"name":"wp","href":"https:\/\/api.w.org\/{rel}","templated":true}]}}