{"id":1034,"date":"2022-02-09T13:53:35","date_gmt":"2022-02-09T13:53:35","guid":{"rendered":"https:\/\/iana.com.uy\/cfatest\/?page_id=1034"},"modified":"2024-01-24T18:20:11","modified_gmt":"2024-01-24T18:20:11","slug":"cfa-institute-certificate-in-esg-investing","status":"publish","type":"page","link":"https:\/\/iana.com.uy\/cfatest\/cfa-institute-certificate-in-esg-investing\/","title":{"rendered":"Certificate in ESG Investing"},"content":{"rendered":"<p class=\"p1\"><strong>El futuro pertenece a la sostenibilidad. \u00bfSer\u00e1s parte de \u00e9l?<\/strong><\/p>\n<p class=\"p1\">Ya sea que lo exijan los clientes, tu firma o las regulaciones gubernamentales, la inversi\u00f3n ESG ya no es opcional, es esencial. El momento de llenar tus brechas de conocimiento y mejorar tu confianza en ESG es ahora.<\/p>\n<p class=\"p1\">El Certificado en Inversi\u00f3n ESG del CFA Institute te brinda el conocimiento necesario para gestionar inversiones con un enfoque en la integraci\u00f3n de factores ambientales, sociales y de gobernanza.<\/p>\n<p class=\"p1\">\u00bfPor qu\u00e9 elegir el Certificado en Inversi\u00f3n ESG del CFA Institute?<\/p>\n<ul class=\"ul1\">\n<li class=\"li1\">Obt\u00e9n un certificado que demuestra tu maestr\u00eda de una organizaci\u00f3n reconocida internacionalmente.<\/li>\n<li class=\"li1\">Aprende de un plan de estudios actualizado para 2024 que ofrece una cobertura integral de la inversi\u00f3n ESG.<\/li>\n<li class=\"li1\">Estudia a tu propio ritmo, cuando mejor se adapte a tu horario, y realiza el examen de forma presencial u online.<\/li>\n<\/ul>\n<p class=\"p1\">Con una inversi\u00f3n de USD 865 y alrededor de 100 horas de estudio, podr\u00edas obtener el certificado en seis meses o menos y comenzar a aplicar tus conocimientos de inmediato. \u00a1Convi\u00e9rtete en el experto interno de tu organizaci\u00f3n o encuentra un nuevo rol en el creciente campo de ESG!<\/p>\n<p class=\"p2\"><span class=\"s2\">Reg\u00edstrate para obtener m\u00e1s informaci\u00f3n [<a href=\"https:\/\/www.cfainstitute.org\/programs\/esg-investing?s_cid=dsp-esg-GLOBAL-global-2024-X-X-b2c-X-socops-conversion-pro_oth-societies-x-2024ESGSocietyToolkit\">https:\/\/www.cfainstitute.org\/programs\/esg-investing?s_cid=dsp-esg-GLOBAL-global-2024-X-X-b2c-X-socops-conversion-pro_oth-societies-x-2024ESGSocietyToolkit<\/a>]<\/span><\/p>\n<p>________________________________________________________________________________<\/p>\n<p>CFA Society Uruguay se asoci\u00f3 con Fitch Learning para brindarle un 20% de descuento en capacitaci\u00f3n en l\u00ednea para el Certificado CFA Institute en ESG Investing. El examen y el material del curso est\u00e1n en ingl\u00e9s.<\/p>\n<p>Simplemente introduce el c\u00f3digo\u00a0<strong>CFAESGURU20<\/strong>\u00a0en al finalizar la compra.<\/p>\n<p><a href=\"https:\/\/www.fitchlearning.com\/certificate-esg-investing\">M\u00c1S INFORMACI\u00d3N<\/a><\/p>\n<p>&nbsp;<\/p>\n<p>&nbsp;<\/p>\n","protected":false},"excerpt":{"rendered":"<p>El futuro pertenece a la sostenibilidad. \u00bfSer\u00e1s parte de \u00e9l? Ya sea que lo exijan los clientes, tu firma o las regulaciones gubernamentales, la inversi\u00f3n ESG ya no es opcional, es esencial. El momento de llenar tus brechas de conocimiento y mejorar tu confianza en ESG es ahora. El Certificado en Inversi\u00f3n ESG del CFA [&hellip;]<\/p>\n","protected":false},"author":2,"featured_media":0,"parent":0,"menu_order":0,"comment_status":"closed","ping_status":"closed","template":"","meta":{"_acf_changed":false,"footnotes":""},"acf":[],"yoast_head":"<!-- This site is optimized with the Yoast SEO plugin v22.4 - https:\/\/yoast.com\/wordpress\/plugins\/seo\/ -->\n<title>Certificate in ESG Investing - CFA Society Uruguay<\/title>\n<meta name=\"robots\" content=\"index, follow, max-snippet:-1, max-image-preview:large, max-video-preview:-1\" \/>\n<link rel=\"canonical\" href=\"https:\/\/iana.com.uy\/cfatest\/cfa-institute-certificate-in-esg-investing\/\" \/>\n<meta property=\"og:locale\" content=\"es_ES\" \/>\n<meta property=\"og:type\" content=\"article\" \/>\n<meta property=\"og:title\" content=\"Certificate in ESG Investing - CFA Society Uruguay\" \/>\n<meta property=\"og:description\" content=\"El futuro pertenece a la sostenibilidad. \u00bfSer\u00e1s parte de \u00e9l? Ya sea que lo exijan los clientes, tu firma o las regulaciones gubernamentales, la inversi\u00f3n ESG ya no es opcional, es esencial. El momento de llenar tus brechas de conocimiento y mejorar tu confianza en ESG es ahora. El Certificado en Inversi\u00f3n ESG del CFA [&hellip;]\" \/>\n<meta property=\"og:url\" content=\"https:\/\/iana.com.uy\/cfatest\/cfa-institute-certificate-in-esg-investing\/\" \/>\n<meta property=\"og:site_name\" content=\"CFA Society Uruguay\" \/>\n<meta property=\"article:publisher\" content=\"https:\/\/www.facebook.com\/cfasocietyuruguay\" \/>\n<meta property=\"article:modified_time\" content=\"2024-01-24T18:20:11+00:00\" \/>\n<meta name=\"twitter:card\" content=\"summary_large_image\" \/>\n<meta name=\"twitter:site\" content=\"@CFA_URU\" \/>\n<meta name=\"twitter:label1\" content=\"Tiempo de lectura\" \/>\n\t<meta name=\"twitter:data1\" content=\"1 minuto\" \/>\n<script type=\"application\/ld+json\" class=\"yoast-schema-graph\">{\"@context\":\"https:\/\/schema.org\",\"@graph\":[{\"@type\":\"WebPage\",\"@id\":\"https:\/\/iana.com.uy\/cfatest\/cfa-institute-certificate-in-esg-investing\/\",\"url\":\"https:\/\/iana.com.uy\/cfatest\/cfa-institute-certificate-in-esg-investing\/\",\"name\":\"Certificate in ESG Investing - CFA Society Uruguay\",\"isPartOf\":{\"@id\":\"https:\/\/iana.com.uy\/cfatest\/#website\"},\"datePublished\":\"2022-02-09T13:53:35+00:00\",\"dateModified\":\"2024-01-24T18:20:11+00:00\",\"breadcrumb\":{\"@id\":\"https:\/\/iana.com.uy\/cfatest\/cfa-institute-certificate-in-esg-investing\/#breadcrumb\"},\"inLanguage\":\"es\",\"potentialAction\":[{\"@type\":\"ReadAction\",\"target\":[\"https:\/\/iana.com.uy\/cfatest\/cfa-institute-certificate-in-esg-investing\/\"]}]},{\"@type\":\"BreadcrumbList\",\"@id\":\"https:\/\/iana.com.uy\/cfatest\/cfa-institute-certificate-in-esg-investing\/#breadcrumb\",\"itemListElement\":[{\"@type\":\"ListItem\",\"position\":1,\"name\":\"Portada\",\"item\":\"https:\/\/iana.com.uy\/cfatest\/es\/\"},{\"@type\":\"ListItem\",\"position\":2,\"name\":\"Certificate in ESG Investing\"}]},{\"@type\":\"WebSite\",\"@id\":\"https:\/\/iana.com.uy\/cfatest\/#website\",\"url\":\"https:\/\/iana.com.uy\/cfatest\/\",\"name\":\"CFA Society Uruguay\",\"description\":\"CFA Society Uruguay\",\"publisher\":{\"@id\":\"https:\/\/iana.com.uy\/cfatest\/#organization\"},\"potentialAction\":[{\"@type\":\"SearchAction\",\"target\":{\"@type\":\"EntryPoint\",\"urlTemplate\":\"https:\/\/iana.com.uy\/cfatest\/?s={search_term_string}\"},\"query-input\":\"required name=search_term_string\"}],\"inLanguage\":\"es\"},{\"@type\":\"Organization\",\"@id\":\"https:\/\/iana.com.uy\/cfatest\/#organization\",\"name\":\"CFA Society\",\"url\":\"https:\/\/iana.com.uy\/cfatest\/\",\"logo\":{\"@type\":\"ImageObject\",\"inLanguage\":\"es\",\"@id\":\"https:\/\/iana.com.uy\/cfatest\/#\/schema\/logo\/image\/\",\"url\":\"http:\/\/localhost\/cfa\/wp-content\/uploads\/2019\/07\/logo.png\",\"contentUrl\":\"http:\/\/localhost\/cfa\/wp-content\/uploads\/2019\/07\/logo.png\",\"width\":500,\"height\":146,\"caption\":\"CFA Society\"},\"image\":{\"@id\":\"https:\/\/iana.com.uy\/cfatest\/#\/schema\/logo\/image\/\"},\"sameAs\":[\"https:\/\/www.facebook.com\/cfasocietyuruguay\",\"https:\/\/twitter.com\/CFA_URU\",\"https:\/\/www.instagram.com\/cfasocietyuruguay\/\",\"https:\/\/www.linkedin.com\/company\/cfa-society-uruguay\/\",\"https:\/\/www.youtube.com\/channel\/UCOCPlWClIZ4w1C5f_hhmIgg\"]}]}<\/script>\n<!-- \/ Yoast SEO plugin. -->","yoast_head_json":{"title":"Certificate in ESG Investing - CFA Society Uruguay","robots":{"index":"index","follow":"follow","max-snippet":"max-snippet:-1","max-image-preview":"max-image-preview:large","max-video-preview":"max-video-preview:-1"},"canonical":"https:\/\/iana.com.uy\/cfatest\/cfa-institute-certificate-in-esg-investing\/","og_locale":"es_ES","og_type":"article","og_title":"Certificate in ESG Investing - CFA Society Uruguay","og_description":"El futuro pertenece a la sostenibilidad. \u00bfSer\u00e1s parte de \u00e9l? Ya sea que lo exijan los clientes, tu firma o las regulaciones gubernamentales, la inversi\u00f3n ESG ya no es opcional, es esencial. El momento de llenar tus brechas de conocimiento y mejorar tu confianza en ESG es ahora. El Certificado en Inversi\u00f3n ESG del CFA [&hellip;]","og_url":"https:\/\/iana.com.uy\/cfatest\/cfa-institute-certificate-in-esg-investing\/","og_site_name":"CFA Society Uruguay","article_publisher":"https:\/\/www.facebook.com\/cfasocietyuruguay","article_modified_time":"2024-01-24T18:20:11+00:00","twitter_card":"summary_large_image","twitter_site":"@CFA_URU","twitter_misc":{"Tiempo de lectura":"1 minuto"},"schema":{"@context":"https:\/\/schema.org","@graph":[{"@type":"WebPage","@id":"https:\/\/iana.com.uy\/cfatest\/cfa-institute-certificate-in-esg-investing\/","url":"https:\/\/iana.com.uy\/cfatest\/cfa-institute-certificate-in-esg-investing\/","name":"Certificate in ESG Investing - CFA Society Uruguay","isPartOf":{"@id":"https:\/\/iana.com.uy\/cfatest\/#website"},"datePublished":"2022-02-09T13:53:35+00:00","dateModified":"2024-01-24T18:20:11+00:00","breadcrumb":{"@id":"https:\/\/iana.com.uy\/cfatest\/cfa-institute-certificate-in-esg-investing\/#breadcrumb"},"inLanguage":"es","potentialAction":[{"@type":"ReadAction","target":["https:\/\/iana.com.uy\/cfatest\/cfa-institute-certificate-in-esg-investing\/"]}]},{"@type":"BreadcrumbList","@id":"https:\/\/iana.com.uy\/cfatest\/cfa-institute-certificate-in-esg-investing\/#breadcrumb","itemListElement":[{"@type":"ListItem","position":1,"name":"Portada","item":"https:\/\/iana.com.uy\/cfatest\/es\/"},{"@type":"ListItem","position":2,"name":"Certificate in ESG Investing"}]},{"@type":"WebSite","@id":"https:\/\/iana.com.uy\/cfatest\/#website","url":"https:\/\/iana.com.uy\/cfatest\/","name":"CFA Society Uruguay","description":"CFA Society Uruguay","publisher":{"@id":"https:\/\/iana.com.uy\/cfatest\/#organization"},"potentialAction":[{"@type":"SearchAction","target":{"@type":"EntryPoint","urlTemplate":"https:\/\/iana.com.uy\/cfatest\/?s={search_term_string}"},"query-input":"required name=search_term_string"}],"inLanguage":"es"},{"@type":"Organization","@id":"https:\/\/iana.com.uy\/cfatest\/#organization","name":"CFA Society","url":"https:\/\/iana.com.uy\/cfatest\/","logo":{"@type":"ImageObject","inLanguage":"es","@id":"https:\/\/iana.com.uy\/cfatest\/#\/schema\/logo\/image\/","url":"http:\/\/localhost\/cfa\/wp-content\/uploads\/2019\/07\/logo.png","contentUrl":"http:\/\/localhost\/cfa\/wp-content\/uploads\/2019\/07\/logo.png","width":500,"height":146,"caption":"CFA Society"},"image":{"@id":"https:\/\/iana.com.uy\/cfatest\/#\/schema\/logo\/image\/"},"sameAs":["https:\/\/www.facebook.com\/cfasocietyuruguay","https:\/\/twitter.com\/CFA_URU","https:\/\/www.instagram.com\/cfasocietyuruguay\/","https:\/\/www.linkedin.com\/company\/cfa-society-uruguay\/","https:\/\/www.youtube.com\/channel\/UCOCPlWClIZ4w1C5f_hhmIgg"]}]}},"_links":{"self":[{"href":"https:\/\/iana.com.uy\/cfatest\/wp-json\/wp\/v2\/pages\/1034"}],"collection":[{"href":"https:\/\/iana.com.uy\/cfatest\/wp-json\/wp\/v2\/pages"}],"about":[{"href":"https:\/\/iana.com.uy\/cfatest\/wp-json\/wp\/v2\/types\/page"}],"author":[{"embeddable":true,"href":"https:\/\/iana.com.uy\/cfatest\/wp-json\/wp\/v2\/users\/2"}],"replies":[{"embeddable":true,"href":"https:\/\/iana.com.uy\/cfatest\/wp-json\/wp\/v2\/comments?post=1034"}],"version-history":[{"count":5,"href":"https:\/\/iana.com.uy\/cfatest\/wp-json\/wp\/v2\/pages\/1034\/revisions"}],"predecessor-version":[{"id":1928,"href":"https:\/\/iana.com.uy\/cfatest\/wp-json\/wp\/v2\/pages\/1034\/revisions\/1928"}],"wp:attachment":[{"href":"https:\/\/iana.com.uy\/cfatest\/wp-json\/wp\/v2\/media?parent=1034"}],"curies":[{"name":"wp","href":"https:\/\/api.w.org\/{rel}","templated":true}]}}